{"id":1062,"date":"2022-05-30T18:16:42","date_gmt":"2022-05-30T16:16:42","guid":{"rendered":"http:\/\/sv.kay-joon.fr\/?page_id=1062"},"modified":"2025-10-27T17:35:42","modified_gmt":"2025-10-27T16:35:42","slug":"le-pacte-createur","status":"publish","type":"page","link":"https:\/\/sieclevaelban.com\/?page_id=1062","title":{"rendered":"Le Pacte Cr\u00e9ateur"},"content":{"rendered":"\n<div style=\"height:16px\" aria-hidden=\"true\" class=\"wp-block-spacer\"><\/div>\n\n\n\n<p>Depuis l\u2019ann\u00e9e 2021, je d\u00e9veloppe avec ma complice, la talentueuse illustratrice,<a rel=\"noreferrer noopener\" href=\"https:\/\/anouckfaure.com\/\" target=\"_blank\">&nbsp;Anouck Faure<\/a>, un jeu en 52 cartes favorisant la communication avec sa cr\u00e9ativit\u00e9. Le&nbsp;<em>Pacte Cr\u00e9ateur<\/em>&nbsp;appartient \u00e0 la famille des oracles, mais c&rsquo;est avant tout un support de r\u00e9flexion et un outil d\u2019accompagnement du processus de cr\u00e9ation. Le <em>Pacte <\/em>est compos\u00e9 de 12 Avatars et de 40 Aspects, de 12 tirages cr\u00e9atifs et d&rsquo;un livret con\u00e7u pour guider les n\u00e9ophytes autant que les adeptes des cartes dans leur prise en main du jeu.<\/p>\n\n\n\n<p>En 2022, un prototype du jeu a \u00e9t\u00e9 cr\u00e9\u00e9, associant les concepts des cartes et les croquis des illustrations. Notre prototype a \u00e9t\u00e9 depuis test\u00e9 par plus d&rsquo;une soixantaine de cr\u00e9atrices et de cr\u00e9ateurs. Le <em>Pacte Cr\u00e9ateur<\/em> sera publi\u00e9 aux \u00e9ditions <a href=\"https:\/\/www.lelotusetlelephant.com\/\" target=\"_blank\" rel=\"noreferrer noopener\">Le Lotus et L&rsquo;\u00c9l\u00e9phant<\/a> en 2026. S&rsquo;en suivront certainement des journ\u00e9es de formation et de prise en main du jeu pour les personnes int\u00e9ress\u00e9es.<\/p>\n\n\n\n<div style=\"height:19px\" aria-hidden=\"true\" class=\"wp-block-spacer\"><\/div>\n\n\n\n<blockquote class=\"wp-block-quote is-layout-flow wp-block-quote-is-layout-flow\">\n<p><em><strong>Le Pacte Cr\u00e9ateur, un Oracle pour qui&nbsp;?<\/strong><\/em> Cet oracle est destin\u00e9 \u00e0 toutes celles et tous ceux qui m\u00e8nent ou souhaitent mener une vie cr\u00e9ative. Artistes, \u00e9crivains, plasticiennes, musiciennes, artisans, concepteurs, dessinatrices, compositeurs, danseurs, com\u00e9diennes, architectes, sculpteurs, photographes, costumi\u00e8res, stylistes, chor\u00e9graphes, paysagistes, graphistes\u2026 mais aussi autodidactes, aventuri\u00e8res, r\u00eaveurs, jardini\u00e8res, astrographes, cuisiniers, inventeurs, amoureuses des coquillages, des aurores bor\u00e9ales et des graffitis du m\u00e9tro\u2026 chaque personne d\u00e9sirant accueillir la cr\u00e9ation dans son quotidien sous quelque forme que ce soit.<\/p>\n\n\n\n<p><em><strong>Le Pacte Cr\u00e9ateur, un Oracle pour quoi&nbsp;?<\/strong><\/em> Cet Oracle, optimiste et lumineux, est un outil favorisant le dialogue entre le cr\u00e9ateur et sa cr\u00e9ativit\u00e9. Au travers de tirages simples, ou plus \u00e9labor\u00e9s, le <em>Pacte<\/em> met en lumi\u00e8re les rouages de notre m\u00e9canique cr\u00e9ative. <\/p>\n\n\n\n<p><em><strong>Le Pacte Cr\u00e9ateur, un Oracle pour quand&nbsp;?<\/strong><\/em> Cet Oracle peut \u00eatre utilis\u00e9 en de multiples circonstances cr\u00e9atives. Tirages occasionnels ou pratique r\u00e9guli\u00e8re, tout d\u00e9pend de vos envies et de vos besoins. Le <em>Pacte<\/em> sera particuli\u00e8rement utile pour vous aider \u00e0 d\u00e9nouer un blocage cr\u00e9atif, \u00e0 reprendre confiance en vous, \u00e0 identifier les besoins d\u2019un projet ou ceux de votre <em>Muse Imp\u00e9ratrice.<\/em> \u00c0 vous de lancer le dialogue avec votre cr\u00e9ativit\u00e9\u2026 Elle ne manquera pas de vous r\u00e9pondre&nbsp;!<\/p>\n<\/blockquote>\n","protected":false},"excerpt":{"rendered":"<p>Depuis l\u2019ann\u00e9e 2021, je d\u00e9veloppe avec ma complice, la talentueuse illustratrice,&nbsp;Anouck Faure, un jeu en 52 cartes favorisant la communication avec sa cr\u00e9ativit\u00e9. Le&nbsp;Pacte Cr\u00e9ateur&nbsp;appartient \u00e0 la famille des oracles, mais c&rsquo;est avant tout un support de r\u00e9flexion et un outil d\u2019accompagnement du processus de cr\u00e9ation. Le Pacte est compos\u00e9 de 12 Avatars et de 40 Aspects, de 12 tirages cr\u00e9atifs et d&rsquo;un livret con\u00e7u pour guider les n\u00e9ophytes autant que les adeptes des cartes dans leur prise en main&#8230;<\/p>\n<p class=\"read-more\"><a class=\"btn btn-default\" href=\"https:\/\/sieclevaelban.com\/?page_id=1062\">Lire la suite<span class=\"screen-reader-text\"> Lire la suite<\/span><\/a><\/p>\n","protected":false},"author":1,"featured_media":0,"parent":0,"menu_order":0,"comment_status":"closed","ping_status":"closed","template":"","meta":{"footnotes":""},"class_list":["post-1062","page","type-page","status-publish","hentry"],"post_mailing_queue_ids":[],"_links":{"self":[{"href":"https:\/\/sieclevaelban.com\/index.php?rest_route=\/wp\/v2\/pages\/1062"}],"collection":[{"href":"https:\/\/sieclevaelban.com\/index.php?rest_route=\/wp\/v2\/pages"}],"about":[{"href":"https:\/\/sieclevaelban.com\/index.php?rest_route=\/wp\/v2\/types\/page"}],"author":[{"embeddable":true,"href":"https:\/\/sieclevaelban.com\/index.php?rest_route=\/wp\/v2\/users\/1"}],"replies":[{"embeddable":true,"href":"https:\/\/sieclevaelban.com\/index.php?rest_route=%2Fwp%2Fv2%2Fcomments&post=1062"}],"version-history":[{"count":31,"href":"https:\/\/sieclevaelban.com\/index.php?rest_route=\/wp\/v2\/pages\/1062\/revisions"}],"predecessor-version":[{"id":2115,"href":"https:\/\/sieclevaelban.com\/index.php?rest_route=\/wp\/v2\/pages\/1062\/revisions\/2115"}],"wp:attachment":[{"href":"https:\/\/sieclevaelban.com\/index.php?rest_route=%2Fwp%2Fv2%2Fmedia&parent=1062"}],"curies":[{"name":"wp","href":"https:\/\/api.w.org\/{rel}","templated":true}]}}