{"id":1078,"date":"2022-05-30T18:39:27","date_gmt":"2022-05-30T16:39:27","guid":{"rendered":"http:\/\/sv.kay-joon.fr\/?page_id=1078"},"modified":"2024-10-03T17:54:15","modified_gmt":"2024-10-03T15:54:15","slug":"mention-legale","status":"publish","type":"page","link":"https:\/\/sieclevaelban.com\/?page_id=1078","title":{"rendered":"Mention l\u00e9gale"},"content":{"rendered":"<div class=\"wp-block-image\">\n<figure class=\"aligncenter size-full is-resized\"><img loading=\"lazy\" decoding=\"async\" width=\"510\" height=\"510\" src=\"https:\/\/sieclevaelban.com\/wp-content\/uploads\/sites\/3\/2019\/06\/ghyj.png\" alt=\"\" class=\"wp-image-765\" style=\"width:170px;height:170px\" srcset=\"https:\/\/sieclevaelban.com\/wp-content\/uploads\/sites\/3\/2019\/06\/ghyj.png 510w, https:\/\/sieclevaelban.com\/wp-content\/uploads\/sites\/3\/2019\/06\/ghyj-150x150.png 150w, https:\/\/sieclevaelban.com\/wp-content\/uploads\/sites\/3\/2019\/06\/ghyj-300x300.png 300w, https:\/\/sieclevaelban.com\/wp-content\/uploads\/sites\/3\/2019\/06\/ghyj-270x270.png 270w\" sizes=\"(max-width: 510px) 100vw, 510px\" \/><\/figure><\/div>\n\n\n<p class=\"has-text-align-center\" id=\"block-115fc3a2-50be-4531-a14f-4ce59bd16ce2\"><\/p>\n\n\n\n<div style=\"height:1px\" aria-hidden=\"true\" class=\"wp-block-spacer\"><\/div>\n\n\n\n<p>L\u2019ensemble de ce site (contenu litt\u00e9raire et pr\u00e9sentation) constitue une \u0153uvre prot\u00e9g\u00e9e par la l\u00e9gislation fran\u00e7aise et internationale en vigueur sur le droit d\u2019auteur et d\u2019une mani\u00e8re g\u00e9n\u00e9rale sur la propri\u00e9t\u00e9 intellectuelle et industrielle.<\/p>\n\n\n\n<p>Tous les droits de propri\u00e9t\u00e9 intellectuelle et industrielle&nbsp;(droits d\u2019auteur, brevets, marques), dont en particulier les droits d\u2019exploitation, les droits de reproduction et d\u2019extraction sur tout support, de tout ou partie des donn\u00e9es figurant dans les pages web de ce site, ainsi que les droits de repr\u00e9sentation et droits de reproduction sur tout support, de tout ou partie du site lui-m\u00eame, les droits de modification, d\u2019adaptation ou de traduction,&nbsp;sont r\u00e9serv\u00e9s exclusivement \u00e0&nbsp;<em>Si\u00e8cle Va\u00eblban<\/em>, y compris notamment en ce qui concerne les textes et extraits litt\u00e9raires.<\/p>\n\n\n\n<p>La reproduction partielle ou int\u00e9grale des \u00e9l\u00e9ments pr\u00e9cit\u00e9s et d\u2019une mani\u00e8re g\u00e9n\u00e9rale, la reproduction de tout ou partie de ce site sur un support \u00e9lectronique quel qu\u2019il soit, est formellement interdite, sans l\u2019accord pr\u00e9alable de&nbsp;<em>Si\u00e8cle Va\u00eblban<\/em>.<\/p>\n\n\n\n<p>La reproduction des textes et pages web du site sur un support papier demeure autoris\u00e9e, sous r\u00e9serve du respect des conditions cumulatives suivantes : gratuit\u00e9 de la diffusion, respect de l\u2019int\u00e9grit\u00e9 et de la finalit\u00e9 des documents reproduits (ni modifications, ni alt\u00e9rations), respect de la finalit\u00e9 du site dans l\u2019utilisation de ces informations et \u00e9l\u00e9ments, citation claire et lisible de la source avec mention du nom du site, de son adresse internet et du copyright&nbsp;<em>Si\u00e8cle Va\u00eblban<\/em>.<\/p>\n\n\n\n<div style=\"height:1px\" aria-hidden=\"true\" class=\"wp-block-spacer\"><\/div>\n\n\n\n<h2 class=\"wp-block-heading\">Qui sommes-nous&nbsp;?<\/h2>\n\n\n\n<div style=\"height:22px\" aria-hidden=\"true\" class=\"wp-block-spacer\"><\/div>\n\n\n\n<p><strong>Vous \u00eates sur le site web :<\/strong>&nbsp;Les Ateliers de Si\u00e8cle Va\u00eblban<\/p>\n\n\n\n<p><strong>L\u2019adresse de notre site est<\/strong><a href=\"http:\/\/sv.kay-joon.fr\/\"> : www.sieclevaelban.com<\/a><\/p>\n\n\n\n<p><strong>L\u2019administratrice du site est :<\/strong>&nbsp;Si\u00e8cle Va\u00eblban<\/p>\n\n\n\n<p><strong>Gestion du contenu du site :<\/strong>&nbsp;Si\u00e8cle Va\u00eblban<\/p>\n\n\n\n<p><strong>H\u00e9bergeur du site :<\/strong>&nbsp;&nbsp;SAS \u2013 OVH<\/p>\n\n\n\n<p>2 rue Kellermann<br>BP 80157<br>59100 Roubaix \u2013 FRANCE<\/p>\n\n\n\n<h2 class=\"wp-block-heading\">Utilisation des donn\u00e9es personnelles collect\u00e9es<\/h2>\n\n\n\n<p>Les donn\u00e9es que collecte ce site sont : le nom, pr\u00e9nom ou \u00e9ventuel pseudonyme ainsi que votre adresse email. Vous \u00eates libre de renseigner votre site web ou non. Ces informations servent uniquement \u00e0 enregistrer vos commentaires ou vos demandes d\u2019abonnement au contenu de ce site et ne sont utilis\u00e9es \u00e0 aucune autre fin.<\/p>\n\n\n\n<h3 class=\"wp-block-heading\">Commentaires<\/h3>\n\n\n\n<p>Quand vous laissez un commentaire sur notre site web, les donn\u00e9es inscrites dans le formulaire de commentaire, mais aussi votre adresse IP et l\u2019agent utilisateur de votre navigateur sont collect\u00e9s pour nous aider \u00e0 la d\u00e9tection des commentaires ind\u00e9sirables.<\/p>\n\n\n\n<p>Une cha\u00eene anonymis\u00e9e cr\u00e9\u00e9e \u00e0 partir de votre adresse de messagerie (\u00e9galement appel\u00e9e hash) peut \u00eatre envoy\u00e9e au service Gravatar pour v\u00e9rifier si vous utilisez ce dernier. Les clauses de confidentialit\u00e9 du service Gravatar sont disponibles ici&nbsp;:&nbsp;<a href=\"https:\/\/automattic.com\/privacy\/\">https:\/\/automattic.com\/privacy\/<\/a>. Apr\u00e8s validation de votre commentaire, votre photo de profil sera visible publiquement \u00e0 cot\u00e9 de votre commentaire.<\/p>\n\n\n\n<h3 class=\"wp-block-heading\">M\u00e9dias<\/h3>\n\n\n\n<p>Si vous \u00eates un utilisateur ou une utilisatrice enregistr\u00e9\u00b7e et que vous t\u00e9l\u00e9versez des images sur le site web, nous vous conseillons d\u2019\u00e9viter de t\u00e9l\u00e9verser des images contenant des donn\u00e9es EXIF de coordonn\u00e9es GPS. Les visiteurs de votre site web peuvent t\u00e9l\u00e9charger et extraire des donn\u00e9es de localisation depuis ces images.<\/p>\n\n\n\n<h3 class=\"wp-block-heading\">Cookies<\/h3>\n\n\n\n<p>Si vous d\u00e9posez un commentaire sur notre site, il vous sera propos\u00e9 d\u2019enregistrer votre nom, adresse de messagerie et site web dans des cookies. C\u2019est uniquement pour votre confort afin de ne pas avoir \u00e0 saisir ces informations si vous d\u00e9posez un autre commentaire plus tard. Ces cookies expirent au bout d\u2019un an.<\/p>\n\n\n\n<p>Si vous avez un compte et que vous vous connectez sur ce site, un cookie temporaire sera cr\u00e9\u00e9 afin de d\u00e9terminer si votre navigateur accepte les cookies. Il ne contient pas de donn\u00e9es personnelles et sera supprim\u00e9 automatiquement \u00e0 la fermeture de votre navigateur.<\/p>\n\n\n\n<p>Lorsque vous vous connecterez, nous mettrons en place un certain nombre de cookies pour enregistrer vos informations de connexion et vos pr\u00e9f\u00e9rences d\u2019\u00e9cran. La dur\u00e9e de vie d\u2019un cookie de connexion est de deux jours, celle d\u2019un cookie d\u2019option d\u2019\u00e9cran est d\u2019un an. Si vous cochez \u00ab&nbsp;Se souvenir de moi&nbsp;\u00bb, votre cookie de connexion sera conserv\u00e9 pendant deux semaines. Si vous vous d\u00e9connectez de votre compte, le cookie de connexion sera effac\u00e9.<\/p>\n\n\n\n<p>En modifiant ou en publiant un article, un cookie suppl\u00e9mentaire sera enregistr\u00e9 dans votre navigateur. Ce cookie ne comprend aucune donn\u00e9e personnelle. Il indique simplement l\u2019identifiant de l\u2019article que vous venez de modifier. Il expire au bout d\u2019un jour.<\/p>\n\n\n\n<h3 class=\"wp-block-heading\">Contenu embarqu\u00e9 depuis d\u2019autres sites<\/h3>\n\n\n\n<p>Les articles de ce site peuvent inclure des contenus int\u00e9gr\u00e9s (par exemple des vid\u00e9os, images, articles\u2026). Le contenu int\u00e9gr\u00e9 depuis d\u2019autres sites se comporte de la m\u00eame mani\u00e8re que si le visiteur se rendait sur cet autre site.<\/p>\n\n\n\n<p>Ces sites web pourraient collecter des donn\u00e9es sur vous, utiliser des cookies, embarquer des outils de suivis tiers, suivre vos interactions avec ces contenus embarqu\u00e9s si vous disposez d\u2019un compte connect\u00e9 sur leur site web.<\/p>\n\n\n\n<h2 class=\"wp-block-heading\">Utilisation et transmission de vos donn\u00e9es personnelles<\/h2>\n\n\n\n<p><em>Les Ateliers de Si\u00e8cle Va\u00eblban<\/em>&nbsp;a vocation \u00e0 partager mes activit\u00e9s d&rsquo;accompagnement de la cr\u00e9ativit\u00e9, d&rsquo;animatrice d&rsquo;Ateliers d&rsquo;\u00e9criture, entre autres. Je n\u2019utilise pas vos donn\u00e9es, n\u2019exerce aucune activit\u00e9 de prospection avec celles-ci et ne les transmettrai \u00e0 aucun autre site ni organisme.<\/p>\n\n\n\n<h2 class=\"wp-block-heading\">Les droits que vous avez sur vos donn\u00e9es<\/h2>\n\n\n\n<p>Vous pouvez me contacter sur contact[@]sieclevaelban[.]com pour toute information relative \u00e0 vos donn\u00e9es personnelles.<\/p>\n\n\n\n<h2 class=\"wp-block-heading\">Transmission de vos donn\u00e9es personnelles<\/h2>\n\n\n\n<p>Les commentaires des visiteurs peuvent \u00eatre v\u00e9rifi\u00e9s \u00e0 l\u2019aide d\u2019un service automatis\u00e9 de d\u00e9tection des commentaires ind\u00e9sirables.<\/p>\n\n\n\n<h2 class=\"wp-block-heading\">Protection de vos donn\u00e9es personnelles<\/h2>\n\n\n\n<p>Je fais mon possible pour s\u00e9curiser vos donn\u00e9es, notamment par l\u2019utilisation de mots de passe complexes, ainsi que des extensions comme Akismet.<\/p>\n\n\n\n<h4 class=\"wp-block-heading\">Informations sur Akismet :<\/h4>\n\n\n\n<p>Nous r\u00e9coltons des informations sur les visiteurs qui commentent sur les sites utilisant Akismet, notre service contre les ind\u00e9sirables. Ces informations r\u00e9colt\u00e9es d\u00e9pendent des r\u00e9glages Akismet effectu\u00e9s par l\u2019utilisateur sur le site, et incluent g\u00e9n\u00e9ralement l\u2019adresse IP des commentateurs, l\u2019agent utilisateur, le r\u00e9f\u00e9rent et l\u2019URL du site (ainsi que d\u2019autres informations fournies directement par le commentateur comme leur nom, nom d\u2019utilisateur, adresse e-mail et leur commentaire).<\/p>\n\n\n\n<h2 class=\"wp-block-heading\">Informations de contact<\/h2>\n\n\n\n<p>En cas d\u2019interrogation sur vos donn\u00e9es personnelles, contacter l\u2019administratrice du site, c\u2019est-\u00e0-dire moi, sur contact[@]sieclevaelban[.]com<\/p>\n","protected":false},"excerpt":{"rendered":"<p>L\u2019ensemble de ce site (contenu litt\u00e9raire et pr\u00e9sentation) constitue une \u0153uvre prot\u00e9g\u00e9e par la l\u00e9gislation fran\u00e7aise et internationale en vigueur sur le droit d\u2019auteur et d\u2019une mani\u00e8re g\u00e9n\u00e9rale sur la propri\u00e9t\u00e9 intellectuelle et industrielle. Tous les droits de propri\u00e9t\u00e9 intellectuelle et industrielle&nbsp;(droits d\u2019auteur, brevets, marques), dont en particulier les droits d\u2019exploitation, les droits de reproduction et d\u2019extraction sur tout support, de tout ou partie des donn\u00e9es figurant dans les pages web de ce site, ainsi que les droits de repr\u00e9sentation&#8230;<\/p>\n<p class=\"read-more\"><a class=\"btn btn-default\" href=\"https:\/\/sieclevaelban.com\/?page_id=1078\">Lire la suite<span class=\"screen-reader-text\"> Lire la suite<\/span><\/a><\/p>\n","protected":false},"author":1,"featured_media":0,"parent":0,"menu_order":0,"comment_status":"closed","ping_status":"closed","template":"","meta":{"footnotes":""},"class_list":["post-1078","page","type-page","status-publish","hentry"],"post_mailing_queue_ids":[],"_links":{"self":[{"href":"https:\/\/sieclevaelban.com\/index.php?rest_route=\/wp\/v2\/pages\/1078"}],"collection":[{"href":"https:\/\/sieclevaelban.com\/index.php?rest_route=\/wp\/v2\/pages"}],"about":[{"href":"https:\/\/sieclevaelban.com\/index.php?rest_route=\/wp\/v2\/types\/page"}],"author":[{"embeddable":true,"href":"https:\/\/sieclevaelban.com\/index.php?rest_route=\/wp\/v2\/users\/1"}],"replies":[{"embeddable":true,"href":"https:\/\/sieclevaelban.com\/index.php?rest_route=%2Fwp%2Fv2%2Fcomments&post=1078"}],"version-history":[{"count":6,"href":"https:\/\/sieclevaelban.com\/index.php?rest_route=\/wp\/v2\/pages\/1078\/revisions"}],"predecessor-version":[{"id":1832,"href":"https:\/\/sieclevaelban.com\/index.php?rest_route=\/wp\/v2\/pages\/1078\/revisions\/1832"}],"wp:attachment":[{"href":"https:\/\/sieclevaelban.com\/index.php?rest_route=%2Fwp%2Fv2%2Fmedia&parent=1078"}],"curies":[{"name":"wp","href":"https:\/\/api.w.org\/{rel}","templated":true}]}}