{"id":1481,"date":"2022-09-12T13:05:43","date_gmt":"2022-09-12T11:05:43","guid":{"rendered":"http:\/\/sv.kay-joon.fr\/?page_id=1481"},"modified":"2025-03-26T15:16:05","modified_gmt":"2025-03-26T14:16:05","slug":"danses-de-la-paix-universelle","status":"publish","type":"page","link":"https:\/\/sieclevaelban.com\/?page_id=1481","title":{"rendered":"Danses de la Paix Universelle"},"content":{"rendered":"<div class=\"wp-block-image\">\n<figure class=\"aligncenter size-full\"><img loading=\"lazy\" decoding=\"async\" width=\"414\" height=\"387\" src=\"http:\/\/sv.kay-joon.fr\/wp-content\/uploads\/sites\/3\/2022\/09\/dances.jpg\" alt=\"\" class=\"wp-image-1482\" srcset=\"https:\/\/sieclevaelban.com\/wp-content\/uploads\/sites\/3\/2022\/09\/dances.jpg 414w, https:\/\/sieclevaelban.com\/wp-content\/uploads\/sites\/3\/2022\/09\/dances-300x280.jpg 300w, https:\/\/sieclevaelban.com\/wp-content\/uploads\/sites\/3\/2022\/09\/dances-289x270.jpg 289w\" sizes=\"(max-width: 414px) 100vw, 414px\" \/><\/figure><\/div>\n\n\n<figure class=\"wp-block-pullquote\"><blockquote><p>\u00ab\u00a0From the beginning of time, sacred movement, song and story have brought people together &#8211; at times of seasonal ceremony and celebration, as part of everyday life and life passages, in daily renewal and meditation. The Dances of Universal Peace are part of this timeless tradition of Sacred Dance.\u00a0\u00bb<\/p><cite><a href=\"https:\/\/dancesofuniversalpeace.org\/\" target=\"_blank\" rel=\"noreferrer noopener\">www.dancesofuniversalpeace.org<\/a><\/cite><\/blockquote><\/figure>\n\n\n\n<p>Joyeuses, p\u00e9tillantes et vives ; contemplatives, int\u00e9rieures, lentes et recueillies ; puissantes, engag\u00e9es, faisant appel \u00e0 la vitalit\u00e9 profonde de chaque \u00eatre, les Danses de la Paix Universelle sont des mantras chant\u00e9s et dans\u00e9s en cercle, inspir\u00e9s des traditions spirituelles du monde entier. Il existe des danses inspir\u00e9es des traditions soufie, chr\u00e9tienne, hindou, bouddhiste, zoroastre, juive et sikh. Des danses inspir\u00e9es du culte de la D\u00e9esse et des nations premi\u00e8res (des traditions Maori, Maya, Hawa\u00efenne, ou du peuple Lakota, par exemple, parmi bien d&rsquo;autres). Cette multiplicit\u00e9 des langages et des traditions honore en chacune d&rsquo;elle les messages de paix, d&rsquo;amour et d&rsquo;harmonie. Au c\u0153ur de cette d\u00e9marche se trouve la recherche d&rsquo;Unit\u00e9, l&rsquo;accueil du spirituel sous toutes ses formes, de ce qui relie et non de ce qui divise, et l&rsquo;id\u00e9e que partout \u00e0 travers le monde, depuis des mill\u00e9naires, le message est le m\u00eame.<\/p>\n\n\n\n<p>Ces danses en cercle sont une exp\u00e9rience qui se vit davantage qu&rsquo;elle ne se d\u00e9crit : un guide enseigne au cercle de danseurs les mots du mantra, leur signification, la m\u00e9lodie chant\u00e9e et les pas avant d&rsquo;accompagner les danseurs dans le mouvement qui s&rsquo;\u00e9panouit. Un mantra est une phrase sacr\u00e9e. Dans cette pratique des Danses de la Paix, le mantra infuse et rayonne en chacun, au travers du corps, de l&rsquo;ouverture du c\u0153ur et du lien qui se tisse naturellement entre les danseurs du cercle. Ces mantras peuvent \u00eatre des proverbes philosophiques, des messages d&rsquo;amour, des rencontres avec autrui, des offrandes de pardon, d&rsquo;all\u00e9gresse et de gratitude, des pri\u00e8res pour la Terre, la nature et tout ce qui vit, et des souhaits pour la paix dans le monde. <\/p>\n\n\n\n<p>Les Danses de la Paix Universelle ont \u00e9t\u00e9 cr\u00e9\u00e9es dans les ann\u00e9es 70 par<a rel=\"noreferrer noopener\" href=\"https:\/\/ruhaniat.org\/index.php\/lineage\/murshid-samuel-l-lewis\" target=\"_blank\"> Samuel L. Lewis<\/a>, Ma\u00eetre Zen et Soufi qui fut profond\u00e9ment inspir\u00e9 par son propre Ma\u00eetre Soufi et grand musicien originaire d&rsquo;Inde, <a rel=\"noreferrer noopener\" href=\"https:\/\/wikimonde.com\/article\/Hazrat_Inayat_Khan\" target=\"_blank\">Hazrat Inayat Khan<\/a> (<a rel=\"noreferrer noopener\" href=\"https:\/\/ruhaniat.org\/index.php\/lineage\/hazrat-inayat-khan\" target=\"_blank\">plus d&rsquo;informations ici en langue anglaise<\/a>), ainsi que par <a rel=\"noreferrer noopener\" href=\"https:\/\/wikimonde.com\/article\/Ruth_Saint_Denis\" target=\"_blank\">Ruth Saint Denis<\/a> (<a rel=\"noreferrer noopener\" href=\"https:\/\/en.wikipedia.org\/wiki\/Ruth_St._Denis#:~:text=Ruth%20St.%20Denis%20From%20Wikipedia%2C%20the%20free%20encyclopedia,Arts%20and%20the%20teacher%20of%20several%20notable%20performers.\" target=\"_blank\">plus d&rsquo;informations ici en langue anglaise<\/a>), une f\u00e9ministe am\u00e9ricaine pionni\u00e8re en danse sacr\u00e9e. Si Samuel Lewis fut \u00e0 l&rsquo;origine des premi\u00e8res Danses &#8211; et des Marches de la Paix qui sont \u00e9galement une part importante de sa transmission &#8211; ses disciples et d&rsquo;autres danseurs ont cr\u00e9\u00e9 au fil des cinquante ann\u00e9es qui ont suivi un r\u00e9pertoire riche de centaines de Danses diff\u00e9rentes ; ce r\u00e9pertoire continue de s&rsquo;\u00e9toffer au fil du temps et d&rsquo;\u00eatre partag\u00e9 abondamment.<\/p>\n\n\n\n<p>Le r\u00e9seau est international, les Danses de la Paix Universelle sont pratiqu\u00e9es dans de nombreux pays. Le site officiel est en langue anglaise : <a href=\"https:\/\/dancesofuniversalpeace.org\/\" data-type=\"URL\" data-id=\"www.dancesofuniversalpeace.org\" target=\"_blank\" rel=\"noreferrer noopener\">www.dancesofuniversalpeace.org<\/a>. Il existe une antenne fran\u00e7aise et un site internet : <a href=\"http:\/\/www.dansesdelapaixuniverselle.fr\" data-type=\"URL\" data-id=\"www.dansesdelapaixuniverselle.fr\" target=\"_blank\" rel=\"noreferrer noopener\">www.dansesdelapaixuniverselle.fr <\/a>gr\u00e2ce auquel vous pourrez en apprendre davantage, si vous le souhaitez, et retrouver les diff\u00e9rents \u00e9v\u00e9nements organis\u00e9s en France autour des Danses.<\/p>\n\n\n\n<p>Les Danses de la Paix sont ouvertes \u00e0 tous. Aucune exp\u00e9rience n\u2019est n\u00e9cessaire.<\/p>\n\n\n\n<p class=\"has-text-align-center has-medium-font-size\"><strong>***<\/strong><\/p>\n\n\n\n<p class=\"has-text-align-center\">Je coanime avec <a href=\"https:\/\/www.juliendub.com\/\" target=\"_blank\" rel=\"noreferrer noopener\">Julien Dub<\/a> un cercle de Danses \u00e0 Paris. Les prochaines dates seront communiqu\u00e9es sur le compte Instagram <a href=\"https:\/\/www.instagram.com\/dup.paris\" target=\"_blank\" rel=\"noreferrer noopener\">Dansesdelapaixparis<\/a> et sur la Page Facebook <a href=\"https:\/\/www.facebook.com\/dansesdelapaix.paris\" target=\"_blank\" rel=\"noreferrer noopener\">Danses de la Paix &#8211; Paris<\/a>.<\/p>\n\n\n\n<div style=\"height:21px\" aria-hidden=\"true\" class=\"wp-block-spacer\"><\/div>\n\n\n<div class=\"wp-block-image\">\n<figure class=\"aligncenter size-large is-resized\"><img loading=\"lazy\" decoding=\"async\" width=\"400\" height=\"388\" src=\"https:\/\/sieclevaelban.com\/wp-content\/uploads\/sites\/3\/2023\/01\/314420323_473691178076309_8664641722300568037_n.jpg\" alt=\"\" class=\"wp-image-1606\" style=\"width:478px;height:auto\" srcset=\"https:\/\/sieclevaelban.com\/wp-content\/uploads\/sites\/3\/2023\/01\/314420323_473691178076309_8664641722300568037_n.jpg 400w, https:\/\/sieclevaelban.com\/wp-content\/uploads\/sites\/3\/2023\/01\/314420323_473691178076309_8664641722300568037_n-300x291.jpg 300w, https:\/\/sieclevaelban.com\/wp-content\/uploads\/sites\/3\/2023\/01\/314420323_473691178076309_8664641722300568037_n-278x270.jpg 278w\" sizes=\"(max-width: 400px) 100vw, 400px\" \/><\/figure><\/div>","protected":false},"excerpt":{"rendered":"<p>\u00ab\u00a0From the beginning of time, sacred movement, song and story have brought people together &#8211; at times of seasonal ceremony and celebration, as part of everyday life and life passages, in daily renewal and meditation. The Dances of Universal Peace are part of this timeless tradition of Sacred Dance.\u00a0\u00bb www.dancesofuniversalpeace.org Joyeuses, p\u00e9tillantes et vives ; contemplatives, int\u00e9rieures, lentes et recueillies ; puissantes, engag\u00e9es, faisant appel \u00e0 la vitalit\u00e9 profonde de chaque \u00eatre, les Danses de la Paix Universelle sont des&#8230;<\/p>\n<p class=\"read-more\"><a class=\"btn btn-default\" href=\"https:\/\/sieclevaelban.com\/?page_id=1481\">Lire la suite<span class=\"screen-reader-text\"> Lire la suite<\/span><\/a><\/p>\n","protected":false},"author":1,"featured_media":0,"parent":0,"menu_order":0,"comment_status":"closed","ping_status":"closed","template":"","meta":{"footnotes":""},"class_list":["post-1481","page","type-page","status-publish","hentry"],"post_mailing_queue_ids":[],"_links":{"self":[{"href":"https:\/\/sieclevaelban.com\/index.php?rest_route=\/wp\/v2\/pages\/1481"}],"collection":[{"href":"https:\/\/sieclevaelban.com\/index.php?rest_route=\/wp\/v2\/pages"}],"about":[{"href":"https:\/\/sieclevaelban.com\/index.php?rest_route=\/wp\/v2\/types\/page"}],"author":[{"embeddable":true,"href":"https:\/\/sieclevaelban.com\/index.php?rest_route=\/wp\/v2\/users\/1"}],"replies":[{"embeddable":true,"href":"https:\/\/sieclevaelban.com\/index.php?rest_route=%2Fwp%2Fv2%2Fcomments&post=1481"}],"version-history":[{"count":32,"href":"https:\/\/sieclevaelban.com\/index.php?rest_route=\/wp\/v2\/pages\/1481\/revisions"}],"predecessor-version":[{"id":1946,"href":"https:\/\/sieclevaelban.com\/index.php?rest_route=\/wp\/v2\/pages\/1481\/revisions\/1946"}],"wp:attachment":[{"href":"https:\/\/sieclevaelban.com\/index.php?rest_route=%2Fwp%2Fv2%2Fmedia&parent=1481"}],"curies":[{"name":"wp","href":"https:\/\/api.w.org\/{rel}","templated":true}]}}