{"id":1679,"date":"2024-10-02T11:13:26","date_gmt":"2024-10-02T09:13:26","guid":{"rendered":"https:\/\/sieclevaelban.com\/?page_id=1679"},"modified":"2024-10-02T16:50:42","modified_gmt":"2024-10-02T14:50:42","slug":"questions-existentielles","status":"publish","type":"page","link":"https:\/\/sieclevaelban.com\/?page_id=1679","title":{"rendered":"Questions existentielles"},"content":{"rendered":"\n<div style=\"height:34px\" aria-hidden=\"true\" class=\"wp-block-spacer\"><\/div>\n\n\n<div class=\"wp-block-image\">\n<figure class=\"aligncenter size-full is-resized\"><img loading=\"lazy\" decoding=\"async\" width=\"855\" height=\"873\" src=\"https:\/\/sieclevaelban.com\/wp-content\/uploads\/sites\/3\/2019\/06\/bateau-VBQ-3.png\" alt=\"\" class=\"wp-image-828\" style=\"width:421px;height:auto\" srcset=\"https:\/\/sieclevaelban.com\/wp-content\/uploads\/sites\/3\/2019\/06\/bateau-VBQ-3.png 855w, https:\/\/sieclevaelban.com\/wp-content\/uploads\/sites\/3\/2019\/06\/bateau-VBQ-3-294x300.png 294w, https:\/\/sieclevaelban.com\/wp-content\/uploads\/sites\/3\/2019\/06\/bateau-VBQ-3-768x784.png 768w, https:\/\/sieclevaelban.com\/wp-content\/uploads\/sites\/3\/2019\/06\/bateau-VBQ-3-264x270.png 264w\" sizes=\"(max-width: 855px) 100vw, 855px\" \/><\/figure><\/div>\n\n\n<p class=\"has-text-align-center\">\u00a9Aemarielle<br><\/p>\n\n\n\n<div style=\"height:34px\" aria-hidden=\"true\" class=\"wp-block-spacer\"><\/div>\n\n\n\n<p class=\"has-text-align-center\" style=\"font-size:28px\"><a href=\"https:\/\/sieclevaelban.com\/?page_id=925\" data-type=\"page\" data-id=\"925\" target=\"_blank\" rel=\"noreferrer noopener\">Si\u00e8cle, qui es-tu ?<\/a><\/p>\n\n\n\n<p class=\"has-text-align-center\" style=\"font-size:28px\"><a href=\"https:\/\/sieclevaelban.com\/?page_id=1701\" data-type=\"page\" data-id=\"1701\" target=\"_blank\" rel=\"noreferrer noopener\">Si\u00e8cle, qu&rsquo;\u00e9cris-tu ?<\/a><\/p>\n\n\n\n<p class=\"has-text-align-center\" style=\"font-size:28px\"><a href=\"https:\/\/sieclevaelban.com\/?page_id=1706\" data-type=\"page\" data-id=\"1706\" target=\"_blank\" rel=\"noreferrer noopener\">La th\u00e9orie des lunettes en forme de c\u0153ur<\/a><\/p>\n","protected":false},"excerpt":{"rendered":"<p>\u00a9Aemarielle Si\u00e8cle, qui es-tu ? Si\u00e8cle, qu&rsquo;\u00e9cris-tu ? La th\u00e9orie des lunettes en forme de c\u0153ur<\/p>\n","protected":false},"author":1,"featured_media":0,"parent":0,"menu_order":0,"comment_status":"closed","ping_status":"closed","template":"","meta":{"footnotes":""},"class_list":["post-1679","page","type-page","status-publish","hentry"],"post_mailing_queue_ids":[],"_links":{"self":[{"href":"https:\/\/sieclevaelban.com\/index.php?rest_route=\/wp\/v2\/pages\/1679"}],"collection":[{"href":"https:\/\/sieclevaelban.com\/index.php?rest_route=\/wp\/v2\/pages"}],"about":[{"href":"https:\/\/sieclevaelban.com\/index.php?rest_route=\/wp\/v2\/types\/page"}],"author":[{"embeddable":true,"href":"https:\/\/sieclevaelban.com\/index.php?rest_route=\/wp\/v2\/users\/1"}],"replies":[{"embeddable":true,"href":"https:\/\/sieclevaelban.com\/index.php?rest_route=%2Fwp%2Fv2%2Fcomments&post=1679"}],"version-history":[{"count":5,"href":"https:\/\/sieclevaelban.com\/index.php?rest_route=\/wp\/v2\/pages\/1679\/revisions"}],"predecessor-version":[{"id":1782,"href":"https:\/\/sieclevaelban.com\/index.php?rest_route=\/wp\/v2\/pages\/1679\/revisions\/1782"}],"wp:attachment":[{"href":"https:\/\/sieclevaelban.com\/index.php?rest_route=%2Fwp%2Fv2%2Fmedia&parent=1679"}],"curies":[{"name":"wp","href":"https:\/\/api.w.org\/{rel}","templated":true}]}}