{"id":1682,"date":"2024-10-02T11:17:47","date_gmt":"2024-10-02T09:17:47","guid":{"rendered":"https:\/\/sieclevaelban.com\/?page_id=1682"},"modified":"2026-02-25T11:19:55","modified_gmt":"2026-02-25T10:19:55","slug":"mes-publications","status":"publish","type":"page","link":"https:\/\/sieclevaelban.com\/?page_id=1682","title":{"rendered":"Mes publications"},"content":{"rendered":"\n<div style=\"height:46px\" aria-hidden=\"true\" class=\"wp-block-spacer\"><\/div>\n\n\n\n<figure class=\"wp-block-gallery has-nested-images columns-default is-cropped wp-block-gallery-1 is-layout-flex wp-block-gallery-is-layout-flex\">\n<figure class=\"wp-block-image size-full\"><img loading=\"lazy\" decoding=\"async\" width=\"604\" height=\"900\" data-id=\"1684\" src=\"https:\/\/sieclevaelban.com\/wp-content\/uploads\/sites\/3\/2024\/10\/LETOILE-DU-SOIR-Image-Couverture-Siecle-Vaelban.jpg\" alt=\"\" class=\"wp-image-1684\" srcset=\"https:\/\/sieclevaelban.com\/wp-content\/uploads\/sites\/3\/2024\/10\/LETOILE-DU-SOIR-Image-Couverture-Siecle-Vaelban.jpg 604w, https:\/\/sieclevaelban.com\/wp-content\/uploads\/sites\/3\/2024\/10\/LETOILE-DU-SOIR-Image-Couverture-Siecle-Vaelban-201x300.jpg 201w, https:\/\/sieclevaelban.com\/wp-content\/uploads\/sites\/3\/2024\/10\/LETOILE-DU-SOIR-Image-Couverture-Siecle-Vaelban-181x270.jpg 181w\" sizes=\"(max-width: 604px) 100vw, 604px\" \/><\/figure>\n\n\n\n<figure class=\"wp-block-image size-full\"><img loading=\"lazy\" decoding=\"async\" width=\"1400\" height=\"2098\" data-id=\"1685\" src=\"https:\/\/sieclevaelban.com\/wp-content\/uploads\/sites\/3\/2024\/10\/Plein-Ciel-Siecle-Vaelban.jpg\" alt=\"\" class=\"wp-image-1685\" srcset=\"https:\/\/sieclevaelban.com\/wp-content\/uploads\/sites\/3\/2024\/10\/Plein-Ciel-Siecle-Vaelban.jpg 1400w, https:\/\/sieclevaelban.com\/wp-content\/uploads\/sites\/3\/2024\/10\/Plein-Ciel-Siecle-Vaelban-200x300.jpg 200w, https:\/\/sieclevaelban.com\/wp-content\/uploads\/sites\/3\/2024\/10\/Plein-Ciel-Siecle-Vaelban-683x1024.jpg 683w, https:\/\/sieclevaelban.com\/wp-content\/uploads\/sites\/3\/2024\/10\/Plein-Ciel-Siecle-Vaelban-768x1151.jpg 768w, https:\/\/sieclevaelban.com\/wp-content\/uploads\/sites\/3\/2024\/10\/Plein-Ciel-Siecle-Vaelban-1025x1536.jpg 1025w, https:\/\/sieclevaelban.com\/wp-content\/uploads\/sites\/3\/2024\/10\/Plein-Ciel-Siecle-Vaelban-1367x2048.jpg 1367w, https:\/\/sieclevaelban.com\/wp-content\/uploads\/sites\/3\/2024\/10\/Plein-Ciel-Siecle-Vaelban-180x270.jpg 180w\" sizes=\"(max-width: 1400px) 100vw, 1400px\" \/><\/figure>\n\n\n\n<figure class=\"wp-block-image size-full\"><img loading=\"lazy\" decoding=\"async\" width=\"1028\" height=\"1453\" data-id=\"1686\" src=\"https:\/\/sieclevaelban.com\/wp-content\/uploads\/sites\/3\/2024\/10\/Couverture-officielle-La-Demeure-des-Mah-Haut-Rels.jpg\" alt=\"\" class=\"wp-image-1686\" srcset=\"https:\/\/sieclevaelban.com\/wp-content\/uploads\/sites\/3\/2024\/10\/Couverture-officielle-La-Demeure-des-Mah-Haut-Rels.jpg 1028w, https:\/\/sieclevaelban.com\/wp-content\/uploads\/sites\/3\/2024\/10\/Couverture-officielle-La-Demeure-des-Mah-Haut-Rels-212x300.jpg 212w, https:\/\/sieclevaelban.com\/wp-content\/uploads\/sites\/3\/2024\/10\/Couverture-officielle-La-Demeure-des-Mah-Haut-Rels-724x1024.jpg 724w, https:\/\/sieclevaelban.com\/wp-content\/uploads\/sites\/3\/2024\/10\/Couverture-officielle-La-Demeure-des-Mah-Haut-Rels-768x1086.jpg 768w, https:\/\/sieclevaelban.com\/wp-content\/uploads\/sites\/3\/2024\/10\/Couverture-officielle-La-Demeure-des-Mah-Haut-Rels-191x270.jpg 191w\" sizes=\"(max-width: 1028px) 100vw, 1028px\" \/><\/figure>\n<\/figure>\n\n\n\n<div style=\"height:46px\" aria-hidden=\"true\" class=\"wp-block-spacer\"><\/div>\n\n\n\n<p>Mon premier roman, <em><a href=\"https:\/\/sieclevaelban.com\/?page_id=1732\" data-type=\"page\" data-id=\"1732\" target=\"_blank\" rel=\"noreferrer noopener\">L&rsquo;\u00c9toile du Soir<\/a><\/em>, un conte d&rsquo;aujourd&rsquo;hui prenant place dans les montagnes indiennes, a \u00e9t\u00e9 publi\u00e9 le 27 septembre 2023 aux \u00e9ditions <a href=\"https:\/\/www.albin-michel.fr\/jeunesse\" target=\"_blank\" rel=\"noreferrer noopener\">Albin Michel Jeunesse<\/a>. Mon second roman, <em><a href=\"https:\/\/sieclevaelban.com\/?page_id=1753\" data-type=\"page\" data-id=\"1753\" target=\"_blank\" rel=\"noreferrer noopener\">Plein-Ciel<\/a><\/em>, op\u00e9ra de fantasy rococo baroque sur fond r\u00e9volutionnaire, a \u00e9t\u00e9 publi\u00e9 le 7 f\u00e9vrier 2024 dans la collection <a href=\"https:\/\/www.castelmore.fr\/livre\/liste\/jeunes-adultes\" target=\"_blank\" rel=\"noreferrer noopener\">BigBang <\/a>aux \u00e9ditions Bragelonne. Mon troisi\u00e8me roman int\u00e9gralement illustr\u00e9 par Anouck Faure,<a href=\"https:\/\/sieclevaelban.com\/?page_id=1762\" data-type=\"page\" data-id=\"1762\" target=\"_blank\" rel=\"noreferrer noopener\"> <em>La Demeure des Mah-Haut-Rels<\/em><\/a>, est une fable imaginaire et philosophique aux r\u00e9cits ench\u00e2ss\u00e9s, qui a \u00e9t\u00e9 publi\u00e9 aux \u00e9ditions <a href=\"https:\/\/www.lelotusetlelephant.com\/produit\/62584\/9782019327804\/la-demeure-des-mah-haut-rels\" target=\"_blank\" rel=\"noreferrer noopener\">Le Lotus et L&rsquo;\u00c9l\u00e9phant<\/a>, le 6 novembre 2024. Mon quatri\u00e8me roman, <em><a href=\"https:\/\/sieclevaelban.com\/?page_id=1909\" target=\"_blank\" rel=\"noreferrer noopener\">Le Cri Soleil<\/a><\/em>, s&rsquo;int\u00e9resse \u00e0 la qu\u00eate de la lumi\u00e8re au sein d&rsquo;un monde plong\u00e9 dans le froid et la p\u00e9nombre &#8211; il a \u00e9t\u00e9 publi\u00e9 le 3 septembre 2025 aux \u00e9ditions Bragelonne, dans la collection <a href=\"https:\/\/www.castelmore.fr\/livre\/liste\/jeunes-adultes\" target=\"_blank\" rel=\"noreferrer noopener\">BigBang<\/a>. Mon cinqui\u00e8me roman, <a href=\"https:\/\/sieclevaelban.com\/?page_id=2028\" data-type=\"page\" data-id=\"2028\" target=\"_blank\" rel=\"noreferrer noopener\">Yellow Feu Follet<\/a>, un road trip lumineux comme un champ de tournesols en plein \u00e9t\u00e9, a \u00e9t\u00e9 publi\u00e9 le 18 f\u00e9vrier 2026, dans la collection M\u00e9dium, aux \u00e9ditions <a href=\"https:\/\/www.ecoledesloisirs.fr\/\" target=\"_blank\" rel=\"noreferrer noopener\">L&rsquo;Ecole des loisirs<\/a>. Mon sixi\u00e8me projet (et premier album jeunesse) illustr\u00e9 par No\u00ebmie Chevalier, <a href=\"https:\/\/sieclevaelban.com\/?page_id=1912\" data-type=\"page\" data-id=\"1912\" target=\"_blank\" rel=\"noreferrer noopener\">La Folle Fabule des S\u0153urs Tr\u00e9sor<\/a>, une \u00e9pop\u00e9e merveilleuse et humoristique \u00e0 partir de six ans, para\u00eetra aux \u00e9ditions <a href=\"https:\/\/www.casterman.com\/Jeunesse\" target=\"_blank\" rel=\"noreferrer noopener\">Casterman <\/a>en 2026.<\/p>\n\n\n\n<div style=\"height:37px\" aria-hidden=\"true\" class=\"wp-block-spacer\"><\/div>\n\n\n\n<figure class=\"wp-block-gallery aligncenter has-nested-images columns-default is-cropped wp-block-gallery-2 is-layout-flex wp-block-gallery-is-layout-flex\">\n<figure class=\"wp-block-image size-full\"><img loading=\"lazy\" decoding=\"async\" width=\"333\" height=\"500\" data-id=\"1988\" src=\"https:\/\/sieclevaelban.com\/wp-content\/uploads\/sites\/3\/2025\/08\/LE-CRI-SOLEIL-Image-Couverture-Siecle-Vaelban.jpg\" alt=\"\" class=\"wp-image-1988\" srcset=\"https:\/\/sieclevaelban.com\/wp-content\/uploads\/sites\/3\/2025\/08\/LE-CRI-SOLEIL-Image-Couverture-Siecle-Vaelban.jpg 333w, https:\/\/sieclevaelban.com\/wp-content\/uploads\/sites\/3\/2025\/08\/LE-CRI-SOLEIL-Image-Couverture-Siecle-Vaelban-200x300.jpg 200w, https:\/\/sieclevaelban.com\/wp-content\/uploads\/sites\/3\/2025\/08\/LE-CRI-SOLEIL-Image-Couverture-Siecle-Vaelban-180x270.jpg 180w\" sizes=\"(max-width: 333px) 100vw, 333px\" \/><\/figure>\n\n\n\n<figure class=\"wp-block-image size-full\"><img loading=\"lazy\" decoding=\"async\" width=\"1738\" height=\"2560\" data-id=\"2109\" src=\"https:\/\/sieclevaelban.com\/wp-content\/uploads\/sites\/3\/2025\/10\/Yellow-Feu-Follet-Siecle-Vaelban-Couverture-B-scaled.jpg\" alt=\"\" class=\"wp-image-2109\" srcset=\"https:\/\/sieclevaelban.com\/wp-content\/uploads\/sites\/3\/2025\/10\/Yellow-Feu-Follet-Siecle-Vaelban-Couverture-B-scaled.jpg 1738w, https:\/\/sieclevaelban.com\/wp-content\/uploads\/sites\/3\/2025\/10\/Yellow-Feu-Follet-Siecle-Vaelban-Couverture-B-204x300.jpg 204w, https:\/\/sieclevaelban.com\/wp-content\/uploads\/sites\/3\/2025\/10\/Yellow-Feu-Follet-Siecle-Vaelban-Couverture-B-695x1024.jpg 695w, https:\/\/sieclevaelban.com\/wp-content\/uploads\/sites\/3\/2025\/10\/Yellow-Feu-Follet-Siecle-Vaelban-Couverture-B-768x1131.jpg 768w, https:\/\/sieclevaelban.com\/wp-content\/uploads\/sites\/3\/2025\/10\/Yellow-Feu-Follet-Siecle-Vaelban-Couverture-B-1043x1536.jpg 1043w, https:\/\/sieclevaelban.com\/wp-content\/uploads\/sites\/3\/2025\/10\/Yellow-Feu-Follet-Siecle-Vaelban-Couverture-B-1390x2048.jpg 1390w, https:\/\/sieclevaelban.com\/wp-content\/uploads\/sites\/3\/2025\/10\/Yellow-Feu-Follet-Siecle-Vaelban-Couverture-B-183x270.jpg 183w\" sizes=\"(max-width: 1738px) 100vw, 1738px\" \/><\/figure>\n\n\n\n<figure class=\"wp-block-image size-full\"><img loading=\"lazy\" decoding=\"async\" width=\"1983\" height=\"2560\" data-id=\"2020\" src=\"https:\/\/sieclevaelban.com\/wp-content\/uploads\/sites\/3\/2025\/10\/IMG_8786-scaled.jpeg\" alt=\"\" class=\"wp-image-2020\" srcset=\"https:\/\/sieclevaelban.com\/wp-content\/uploads\/sites\/3\/2025\/10\/IMG_8786-scaled.jpeg 1983w, https:\/\/sieclevaelban.com\/wp-content\/uploads\/sites\/3\/2025\/10\/IMG_8786-232x300.jpeg 232w, https:\/\/sieclevaelban.com\/wp-content\/uploads\/sites\/3\/2025\/10\/IMG_8786-793x1024.jpeg 793w, https:\/\/sieclevaelban.com\/wp-content\/uploads\/sites\/3\/2025\/10\/IMG_8786-768x991.jpeg 768w, https:\/\/sieclevaelban.com\/wp-content\/uploads\/sites\/3\/2025\/10\/IMG_8786-1190x1536.jpeg 1190w, https:\/\/sieclevaelban.com\/wp-content\/uploads\/sites\/3\/2025\/10\/IMG_8786-1587x2048.jpeg 1587w, https:\/\/sieclevaelban.com\/wp-content\/uploads\/sites\/3\/2025\/10\/IMG_8786-209x270.jpeg 209w\" sizes=\"(max-width: 1983px) 100vw, 1983px\" \/><\/figure>\n<\/figure>\n","protected":false},"excerpt":{"rendered":"<p>Mon premier roman, L&rsquo;\u00c9toile du Soir, un conte d&rsquo;aujourd&rsquo;hui prenant place dans les montagnes indiennes, a \u00e9t\u00e9 publi\u00e9 le 27 septembre 2023 aux \u00e9ditions Albin Michel Jeunesse. Mon second roman, Plein-Ciel, op\u00e9ra de fantasy rococo baroque sur fond r\u00e9volutionnaire, a \u00e9t\u00e9 publi\u00e9 le 7 f\u00e9vrier 2024 dans la collection BigBang aux \u00e9ditions Bragelonne. Mon troisi\u00e8me roman int\u00e9gralement illustr\u00e9 par Anouck Faure, La Demeure des Mah-Haut-Rels, est une fable imaginaire et philosophique aux r\u00e9cits ench\u00e2ss\u00e9s, qui a \u00e9t\u00e9 publi\u00e9 aux \u00e9ditions&#8230;<\/p>\n<p class=\"read-more\"><a class=\"btn btn-default\" href=\"https:\/\/sieclevaelban.com\/?page_id=1682\">Lire la suite<span class=\"screen-reader-text\"> Lire la suite<\/span><\/a><\/p>\n","protected":false},"author":1,"featured_media":0,"parent":0,"menu_order":0,"comment_status":"closed","ping_status":"closed","template":"","meta":{"footnotes":""},"class_list":["post-1682","page","type-page","status-publish","hentry"],"post_mailing_queue_ids":[],"_links":{"self":[{"href":"https:\/\/sieclevaelban.com\/index.php?rest_route=\/wp\/v2\/pages\/1682"}],"collection":[{"href":"https:\/\/sieclevaelban.com\/index.php?rest_route=\/wp\/v2\/pages"}],"about":[{"href":"https:\/\/sieclevaelban.com\/index.php?rest_route=\/wp\/v2\/types\/page"}],"author":[{"embeddable":true,"href":"https:\/\/sieclevaelban.com\/index.php?rest_route=\/wp\/v2\/users\/1"}],"replies":[{"embeddable":true,"href":"https:\/\/sieclevaelban.com\/index.php?rest_route=%2Fwp%2Fv2%2Fcomments&post=1682"}],"version-history":[{"count":21,"href":"https:\/\/sieclevaelban.com\/index.php?rest_route=\/wp\/v2\/pages\/1682\/revisions"}],"predecessor-version":[{"id":2152,"href":"https:\/\/sieclevaelban.com\/index.php?rest_route=\/wp\/v2\/pages\/1682\/revisions\/2152"}],"wp:attachment":[{"href":"https:\/\/sieclevaelban.com\/index.php?rest_route=%2Fwp%2Fv2%2Fmedia&parent=1682"}],"curies":[{"name":"wp","href":"https:\/\/api.w.org\/{rel}","templated":true}]}}