{"id":1689,"date":"2024-10-02T11:19:34","date_gmt":"2024-10-02T09:19:34","guid":{"rendered":"https:\/\/sieclevaelban.com\/?page_id=1689"},"modified":"2024-10-03T17:36:09","modified_gmt":"2024-10-03T15:36:09","slug":"les-mondes-de-siecle","status":"publish","type":"page","link":"https:\/\/sieclevaelban.com\/?page_id=1689","title":{"rendered":"Les mondes de Si\u00e8cle"},"content":{"rendered":"\n<div style=\"height:55px\" aria-hidden=\"true\" class=\"wp-block-spacer\"><\/div>\n\n\n\n<figure class=\"wp-block-gallery has-nested-images columns-default is-cropped wp-block-gallery-1 is-layout-flex wp-block-gallery-is-layout-flex\">\n<figure class=\"wp-block-image size-full\"><img loading=\"lazy\" decoding=\"async\" width=\"364\" height=\"364\" data-id=\"743\" src=\"https:\/\/sieclevaelban.com\/wp-content\/uploads\/sites\/3\/2019\/05\/yyyyyy.png\" alt=\"\" class=\"wp-image-743\" srcset=\"https:\/\/sieclevaelban.com\/wp-content\/uploads\/sites\/3\/2019\/05\/yyyyyy.png 364w, https:\/\/sieclevaelban.com\/wp-content\/uploads\/sites\/3\/2019\/05\/yyyyyy-150x150.png 150w, https:\/\/sieclevaelban.com\/wp-content\/uploads\/sites\/3\/2019\/05\/yyyyyy-300x300.png 300w, https:\/\/sieclevaelban.com\/wp-content\/uploads\/sites\/3\/2019\/05\/yyyyyy-270x270.png 270w\" sizes=\"(max-width: 364px) 100vw, 364px\" \/><\/figure>\n\n\n\n<figure class=\"wp-block-image size-full\"><img loading=\"lazy\" decoding=\"async\" width=\"400\" height=\"388\" data-id=\"1606\" src=\"https:\/\/sieclevaelban.com\/wp-content\/uploads\/sites\/3\/2023\/01\/314420323_473691178076309_8664641722300568037_n.jpg\" alt=\"\" class=\"wp-image-1606\" srcset=\"https:\/\/sieclevaelban.com\/wp-content\/uploads\/sites\/3\/2023\/01\/314420323_473691178076309_8664641722300568037_n.jpg 400w, https:\/\/sieclevaelban.com\/wp-content\/uploads\/sites\/3\/2023\/01\/314420323_473691178076309_8664641722300568037_n-300x291.jpg 300w, https:\/\/sieclevaelban.com\/wp-content\/uploads\/sites\/3\/2023\/01\/314420323_473691178076309_8664641722300568037_n-278x270.jpg 278w\" sizes=\"(max-width: 400px) 100vw, 400px\" \/><\/figure>\n<\/figure>\n\n\n\n<div style=\"height:59px\" aria-hidden=\"true\" class=\"wp-block-spacer\"><\/div>\n\n\n\n<p class=\"has-text-align-center has-medium-font-size\">Parce que l&rsquo;Univers est multiple et bariol\u00e9, au del\u00e0 des contr\u00e9es de l&rsquo;\u00e9criture, je cr\u00e9e parfois des <a href=\"https:\/\/sieclevaelban.com\/?page_id=1584\" data-type=\"page\" data-id=\"1584\">Tableaux photographiques<\/a>. Je guide \u00e9galement des cercles de <a href=\"https:\/\/sieclevaelban.com\/?page_id=1481\" data-type=\"page\" data-id=\"1481\" target=\"_blank\" rel=\"noreferrer noopener\">Danses de la Paix Universelle.<\/a><\/p>\n","protected":false},"excerpt":{"rendered":"<p>Parce que l&rsquo;Univers est multiple et bariol\u00e9, au del\u00e0 des contr\u00e9es de l&rsquo;\u00e9criture, je cr\u00e9e parfois des Tableaux photographiques. Je guide \u00e9galement des cercles de Danses de la Paix Universelle.<\/p>\n","protected":false},"author":1,"featured_media":0,"parent":0,"menu_order":0,"comment_status":"closed","ping_status":"closed","template":"","meta":{"footnotes":""},"class_list":["post-1689","page","type-page","status-publish","hentry"],"post_mailing_queue_ids":[],"_links":{"self":[{"href":"https:\/\/sieclevaelban.com\/index.php?rest_route=\/wp\/v2\/pages\/1689"}],"collection":[{"href":"https:\/\/sieclevaelban.com\/index.php?rest_route=\/wp\/v2\/pages"}],"about":[{"href":"https:\/\/sieclevaelban.com\/index.php?rest_route=\/wp\/v2\/types\/page"}],"author":[{"embeddable":true,"href":"https:\/\/sieclevaelban.com\/index.php?rest_route=\/wp\/v2\/users\/1"}],"replies":[{"embeddable":true,"href":"https:\/\/sieclevaelban.com\/index.php?rest_route=%2Fwp%2Fv2%2Fcomments&post=1689"}],"version-history":[{"count":5,"href":"https:\/\/sieclevaelban.com\/index.php?rest_route=\/wp\/v2\/pages\/1689\/revisions"}],"predecessor-version":[{"id":1829,"href":"https:\/\/sieclevaelban.com\/index.php?rest_route=\/wp\/v2\/pages\/1689\/revisions\/1829"}],"wp:attachment":[{"href":"https:\/\/sieclevaelban.com\/index.php?rest_route=%2Fwp%2Fv2%2Fmedia&parent=1689"}],"curies":[{"name":"wp","href":"https:\/\/api.w.org\/{rel}","templated":true}]}}