{"id":1701,"date":"2024-10-02T11:37:27","date_gmt":"2024-10-02T09:37:27","guid":{"rendered":"https:\/\/sieclevaelban.com\/?page_id=1701"},"modified":"2024-10-03T16:35:19","modified_gmt":"2024-10-03T14:35:19","slug":"siecle-quecris-tu","status":"publish","type":"page","link":"https:\/\/sieclevaelban.com\/?page_id=1701","title":{"rendered":"Si\u00e8cle, qu&rsquo;\u00e9cris-tu ?"},"content":{"rendered":"\n<p class=\"has-text-align-center text_justify\" style=\"font-size:28px\">De quoi parlent-elles, mes histoires ?<\/p>\n\n\n\n<div style=\"height:20px\" aria-hidden=\"true\" class=\"wp-block-spacer\"><\/div>\n\n\n<div class=\"wp-block-image\">\n<figure class=\"aligncenter size-full\"><img loading=\"lazy\" decoding=\"async\" width=\"768\" height=\"576\" src=\"https:\/\/sieclevaelban.com\/wp-content\/uploads\/sites\/3\/2024\/10\/tableau-autrice-2-copie-768x576-1.jpg\" alt=\"\" class=\"wp-image-1703\" srcset=\"https:\/\/sieclevaelban.com\/wp-content\/uploads\/sites\/3\/2024\/10\/tableau-autrice-2-copie-768x576-1.jpg 768w, https:\/\/sieclevaelban.com\/wp-content\/uploads\/sites\/3\/2024\/10\/tableau-autrice-2-copie-768x576-1-300x225.jpg 300w, https:\/\/sieclevaelban.com\/wp-content\/uploads\/sites\/3\/2024\/10\/tableau-autrice-2-copie-768x576-1-360x270.jpg 360w\" sizes=\"(max-width: 768px) 100vw, 768px\" \/><\/figure><\/div>\n\n\n<div style=\"height:20px\" aria-hidden=\"true\" class=\"wp-block-spacer\"><\/div>\n\n\n\n<p class=\"text_justify\">Avant toute chose, j&rsquo;aime&#8230; fa\u00e7onner des personnages et conter au lecteur leur \u00e9volution au fil d&rsquo;une histoire. Je raconte des personnages bless\u00e9s, des personnages lumineux qui s&rsquo;ignorent, des personnages faillibles mais d\u00e9termin\u00e9s, dr\u00f4les et parfois fous, aga\u00e7ants mais \u00e9mouvants, rigides ou vuln\u00e9rables.<\/p>\n\n\n\n<p class=\"text_justify\">Je d\u00e9cris leur rencontre avec l&rsquo;autre, avec le monde qu&rsquo;ils habitent, mais surtout avec eux-m\u00eame. Mes personnages sont en qu\u00eate. Ils doivent affronter leurs peurs et leurs failles, faire des choix difficiles, devenir cr\u00e9ateurs et cr\u00e9atrices de leurs existences. Ils apprennent \u00e0 s&rsquo;\u00e9lever \u00e0 travers la chute et l&rsquo;esp\u00e9rance. Ils adviennent.<\/p>\n\n\n\n<p class=\"text_justify\">Pour \u00e9voluer et advenir, encore faut-il disposer d&rsquo;un d\u00e9cor, une soci\u00e9t\u00e9, un contexte dans lequel fourbir ses armes et son coeur. En mati\u00e8re de d\u00e9cor, je fais du sur-mesure et je b\u00e2tis des mondes imaginaires tr\u00e8s diff\u00e9rents les uns des autres, des univers dot\u00e9s de facettes \u00e9l\u00e9gantes ou inqui\u00e9tantes, cruelles ou amusantes, magiques ou r\u00e9alistes. On peut dire que ces univers sont des macro-personnages qui se font le miroir des aventures et des questionnements de ceux qui les cheminent.<\/p>\n\n\n\n<p class=\"text_justify\">Dans mes histoires, on trouvera une bonne dose de merveilleux : miracles et secrets de la nature, objets anim\u00e9s, animaux bavards en redingote, esprits de la for\u00eat et lucioles des oc\u00e9ans&#8230; Et parce que le merveilleux se glisse aussi dans les d\u00e9tails d&rsquo;ambiance et les circonvolutions de la langue, vous n&rsquo;\u00e9chapperez pas \u00e0 un soup\u00e7on (ou dix) de gouaille, \u00e0 un filon de po\u00e9sie ou \u00e0 une cuill\u00e8re \u00e0 soupe d&rsquo;humour gliss\u00e9e sans scrupules au milieu d&rsquo;une sc\u00e8ne tragique.<\/p>\n\n\n\n<div style=\"height:20px\" aria-hidden=\"true\" class=\"wp-block-spacer\"><\/div>\n\n\n\n<p class=\"has-text-align-center\" style=\"font-size:28px\"><a href=\"https:\/\/sieclevaelban.com\/?page_id=1682\" data-type=\"page\" data-id=\"1682\" target=\"_blank\" rel=\"noreferrer noopener\">Pour plus de d\u00e9tails sur mes romans, \u00e7a se passe par ici !<\/a><\/p>\n\n\n\n<div style=\"height:31px\" aria-hidden=\"true\" class=\"wp-block-spacer\"><\/div>\n\n\n<div class=\"wp-block-image\">\n<figure class=\"aligncenter is-resized\"><img decoding=\"async\" src=\"http:\/\/hsgt.kay-joon.fr\/wp-content\/uploads\/sites\/2\/2019\/06\/Universsigle.png\" alt=\"\" class=\"wp-image-2206\" style=\"width:54px;height:54px\"\/><\/figure><\/div>\n\n\n<p><\/p>\n","protected":false},"excerpt":{"rendered":"<p>De quoi parlent-elles, mes histoires ? Avant toute chose, j&rsquo;aime&#8230; fa\u00e7onner des personnages et conter au lecteur leur \u00e9volution au fil d&rsquo;une histoire. Je raconte des personnages bless\u00e9s, des personnages lumineux qui s&rsquo;ignorent, des personnages faillibles mais d\u00e9termin\u00e9s, dr\u00f4les et parfois fous, aga\u00e7ants mais \u00e9mouvants, rigides ou vuln\u00e9rables. Je d\u00e9cris leur rencontre avec l&rsquo;autre, avec le monde qu&rsquo;ils habitent, mais surtout avec eux-m\u00eame. Mes personnages sont en qu\u00eate. Ils doivent affronter leurs peurs et leurs failles, faire des choix difficiles,&#8230;<\/p>\n<p class=\"read-more\"><a class=\"btn btn-default\" href=\"https:\/\/sieclevaelban.com\/?page_id=1701\">Lire la suite<span class=\"screen-reader-text\"> Lire la suite<\/span><\/a><\/p>\n","protected":false},"author":1,"featured_media":0,"parent":0,"menu_order":0,"comment_status":"closed","ping_status":"closed","template":"","meta":{"footnotes":""},"class_list":["post-1701","page","type-page","status-publish","hentry"],"post_mailing_queue_ids":[],"_links":{"self":[{"href":"https:\/\/sieclevaelban.com\/index.php?rest_route=\/wp\/v2\/pages\/1701"}],"collection":[{"href":"https:\/\/sieclevaelban.com\/index.php?rest_route=\/wp\/v2\/pages"}],"about":[{"href":"https:\/\/sieclevaelban.com\/index.php?rest_route=\/wp\/v2\/types\/page"}],"author":[{"embeddable":true,"href":"https:\/\/sieclevaelban.com\/index.php?rest_route=\/wp\/v2\/users\/1"}],"replies":[{"embeddable":true,"href":"https:\/\/sieclevaelban.com\/index.php?rest_route=%2Fwp%2Fv2%2Fcomments&post=1701"}],"version-history":[{"count":4,"href":"https:\/\/sieclevaelban.com\/index.php?rest_route=\/wp\/v2\/pages\/1701\/revisions"}],"predecessor-version":[{"id":1813,"href":"https:\/\/sieclevaelban.com\/index.php?rest_route=\/wp\/v2\/pages\/1701\/revisions\/1813"}],"wp:attachment":[{"href":"https:\/\/sieclevaelban.com\/index.php?rest_route=%2Fwp%2Fv2%2Fmedia&parent=1701"}],"curies":[{"name":"wp","href":"https:\/\/api.w.org\/{rel}","templated":true}]}}