{"id":1706,"date":"2024-10-02T11:41:13","date_gmt":"2024-10-02T09:41:13","guid":{"rendered":"https:\/\/sieclevaelban.com\/?page_id=1706"},"modified":"2024-10-03T16:38:31","modified_gmt":"2024-10-03T14:38:31","slug":"the-heart-shaped-glasses-theory-2","status":"publish","type":"page","link":"https:\/\/sieclevaelban.com\/?page_id=1706","title":{"rendered":"The Heart Shaped Glasses Theory"},"content":{"rendered":"\n<div style=\"height:5px\" aria-hidden=\"true\" class=\"wp-block-spacer\"><\/div>\n\n\n<div class=\"wp-block-image\">\n<figure class=\"aligncenter size-full\"><img loading=\"lazy\" decoding=\"async\" width=\"768\" height=\"396\" src=\"https:\/\/sieclevaelban.com\/wp-content\/uploads\/sites\/3\/2024\/10\/HSGToncemore-768x396-1.png\" alt=\"\" class=\"wp-image-1709\" srcset=\"https:\/\/sieclevaelban.com\/wp-content\/uploads\/sites\/3\/2024\/10\/HSGToncemore-768x396-1.png 768w, https:\/\/sieclevaelban.com\/wp-content\/uploads\/sites\/3\/2024\/10\/HSGToncemore-768x396-1-300x155.png 300w, https:\/\/sieclevaelban.com\/wp-content\/uploads\/sites\/3\/2024\/10\/HSGToncemore-768x396-1-524x270.png 524w\" sizes=\"(max-width: 768px) 100vw, 768px\" \/><\/figure><\/div>\n\n\n<div style=\"height:5px\" aria-hidden=\"true\" class=\"wp-block-spacer\"><\/div>\n\n\n\n<h2 class=\"wp-block-heading has-text-align-center\">La th\u00e9orie des lunettes en forme de coeur<\/h2>\n\n\n\n<div style=\"height:17px\" aria-hidden=\"true\" class=\"wp-block-spacer\"><\/div>\n\n\n\n<p>Chaque matin, le soleil se l\u00e8ve et&nbsp;nous piochons dans le chapeau d&rsquo;all\u00e9geance la paire de lunettes que nous porterons aujourd&rsquo;hui. Il existe une multitude de paires de lunettes que nous sommes&nbsp;libres d&#8217;emprunter pour observer le monde : des lunettes en forme de larme ou&nbsp;de nuage, des lunettes en forme d&rsquo;\u00e9toile ou de cl\u00e9, des lunettes en forme de pique, de carreau ou de tr\u00e8fle. Chaque soir, le soleil se couche et nous \u00f4tons nos lunettes, nous les reposons dans le chapeau d&rsquo;all\u00e9geance avant de nous endormir.<\/p>\n\n\n\n<p>Mais voil\u00e0, le petit pois de l&rsquo;habitude s&rsquo;est \u00e9gar\u00e9 dans nos rouages et la m\u00e9canique de notre chapeau bien-aim\u00e9 d\u00e9raille : \u00e0 force de&nbsp;chausser nos lunettes au quotidien, le geste est devenu&nbsp;monotone, automatique, invisible. Il s&rsquo;est effac\u00e9 de notre m\u00e9moire. Nous avons laiss\u00e9 une vieille paire de lunettes s&rsquo;incruster dans notre visage et sommes d\u00e9sormais incapables de la dissocier de notre regard.<\/p>\n\n\n\n<p>Lorsque nous ouvrons les yeux, il n&rsquo;y a plus de question \u00e0 se poser devant le chapeau d&rsquo;all\u00e9geance puisqu&rsquo;il n&rsquo;y a pas de chapeau ! Nous avons oubli\u00e9 l&rsquo;existence du chapeau et des lunettes, nous avons oubli\u00e9 que nous avons le choix. Nos lunettes d&rsquo;aujourd&rsquo;hui sont devenues notre r\u00e9alit\u00e9 : nous percevons notre environnement&nbsp;et chaque \u00e9v\u00e9nement de notre vie&nbsp;\u00e0 travers les m\u00eames verres, jour apr\u00e8s jour.<\/p>\n\n\n\n<p>A l&rsquo;instant o\u00f9 nous nous souviendrons que le chapeau d&rsquo;all\u00e9geance existe, \u00e0 la seconde o\u00f9 nous chausserons les lunettes de notre choix, nous aurons le pouvoir de transformer notre r\u00e9alit\u00e9. Et qui change sa r\u00e9alit\u00e9 change le monde qui l&rsquo;entoure.<\/p>\n\n\n\n<div style=\"height:17px\" aria-hidden=\"true\" class=\"wp-block-spacer\"><\/div>\n\n\n<div class=\"wp-block-image\">\n<figure class=\"aligncenter is-resized\"><img decoding=\"async\" src=\"http:\/\/hsgt.kay-joon.fr\/wp-content\/uploads\/sites\/2\/2016\/04\/Universsigle-300x300.png\" alt=\"universsigle\" class=\"wp-image-125\" style=\"width:78px;height:auto\"\/><\/figure><\/div>\n\n<div class=\"wp-block-image\">\n<figure class=\"alignright is-resized\"><img decoding=\"async\" src=\"http:\/\/hsgt.kay-joon.fr\/wp-content\/uploads\/sites\/2\/2016\/04\/Universsigle-300x300.png\" alt=\"universsigle\" class=\"wp-image-125\" style=\"width:154px;height:auto\"\/><\/figure><\/div>","protected":false},"excerpt":{"rendered":"<p>La th\u00e9orie des lunettes en forme de coeur Chaque matin, le soleil se l\u00e8ve et&nbsp;nous piochons dans le chapeau d&rsquo;all\u00e9geance la paire de lunettes que nous porterons aujourd&rsquo;hui. Il existe une multitude de paires de lunettes que nous sommes&nbsp;libres d&#8217;emprunter pour observer le monde : des lunettes en forme de larme ou&nbsp;de nuage, des lunettes en forme d&rsquo;\u00e9toile ou de cl\u00e9, des lunettes en forme de pique, de carreau ou de tr\u00e8fle. Chaque soir, le soleil se couche et nous&#8230;<\/p>\n<p class=\"read-more\"><a class=\"btn btn-default\" href=\"https:\/\/sieclevaelban.com\/?page_id=1706\">Lire la suite<span class=\"screen-reader-text\"> Lire la suite<\/span><\/a><\/p>\n","protected":false},"author":1,"featured_media":0,"parent":0,"menu_order":0,"comment_status":"closed","ping_status":"closed","template":"","meta":{"footnotes":""},"class_list":["post-1706","page","type-page","status-publish","hentry"],"post_mailing_queue_ids":[],"_links":{"self":[{"href":"https:\/\/sieclevaelban.com\/index.php?rest_route=\/wp\/v2\/pages\/1706"}],"collection":[{"href":"https:\/\/sieclevaelban.com\/index.php?rest_route=\/wp\/v2\/pages"}],"about":[{"href":"https:\/\/sieclevaelban.com\/index.php?rest_route=\/wp\/v2\/types\/page"}],"author":[{"embeddable":true,"href":"https:\/\/sieclevaelban.com\/index.php?rest_route=\/wp\/v2\/users\/1"}],"replies":[{"embeddable":true,"href":"https:\/\/sieclevaelban.com\/index.php?rest_route=%2Fwp%2Fv2%2Fcomments&post=1706"}],"version-history":[{"count":7,"href":"https:\/\/sieclevaelban.com\/index.php?rest_route=\/wp\/v2\/pages\/1706\/revisions"}],"predecessor-version":[{"id":1816,"href":"https:\/\/sieclevaelban.com\/index.php?rest_route=\/wp\/v2\/pages\/1706\/revisions\/1816"}],"wp:attachment":[{"href":"https:\/\/sieclevaelban.com\/index.php?rest_route=%2Fwp%2Fv2%2Fmedia&parent=1706"}],"curies":[{"name":"wp","href":"https:\/\/api.w.org\/{rel}","templated":true}]}}