{"id":300,"date":"2019-03-29T23:28:48","date_gmt":"2019-03-29T22:28:48","guid":{"rendered":"http:\/\/sieclevaelban.com\/?page_id=300"},"modified":"2026-04-23T20:05:29","modified_gmt":"2026-04-23T18:05:29","slug":"agenda","status":"publish","type":"page","link":"https:\/\/sieclevaelban.com\/?page_id=300","title":{"rendered":"Agenda"},"content":{"rendered":"\n<div style=\"height:31px\" aria-hidden=\"true\" class=\"wp-block-spacer\"><\/div>\n\n\n<div class=\"wp-block-image\">\n<figure class=\"aligncenter is-resized\"><img loading=\"lazy\" decoding=\"async\" width=\"1024\" height=\"768\" src=\"http:\/\/sv.kay-joon.fr\/wp-content\/uploads\/sites\/3\/2019\/04\/P1070272-1024x768.jpg\" alt=\"\" class=\"wp-image-414\" style=\"width:450px;height:338px\" srcset=\"https:\/\/sieclevaelban.com\/wp-content\/uploads\/sites\/3\/2019\/04\/P1070272-1024x768.jpg 1024w, https:\/\/sieclevaelban.com\/wp-content\/uploads\/sites\/3\/2019\/04\/P1070272-300x225.jpg 300w, https:\/\/sieclevaelban.com\/wp-content\/uploads\/sites\/3\/2019\/04\/P1070272-768x576.jpg 768w, https:\/\/sieclevaelban.com\/wp-content\/uploads\/sites\/3\/2019\/04\/P1070272-360x270.jpg 360w\" sizes=\"(max-width: 1024px) 100vw, 1024px\" \/><\/figure><\/div>\n\n\n<div style=\"height:4px\" aria-hidden=\"true\" class=\"wp-block-spacer\"><\/div>\n\n\n\n<p class=\"has-text-align-center has-large-font-size\">\u2605\u2605\u2605<\/p>\n\n\n\n<p><strong>Pour plus d\u2019informations et pour suivre en direct les actualit\u00e9s, les rencontres, les d\u00e9dicaces, les conf\u00e9rences ou les Ateliers qui s\u2019organisent autour de mon travail litt\u00e9raire, n\u2019h\u00e9sitez pas \u00e0 consulter les stories et les posts de mon&nbsp;<a rel=\"noreferrer noopener\" href=\"https:\/\/www.instagram.com\/sieclevaelban\/\" target=\"_blank\">COMPTE INSTAGRAM<\/a><\/strong><\/p>\n\n\n\n<p class=\"has-text-align-center\">\u2605\u2605\u2605<\/p>\n\n\n\n<p class=\"has-text-align-center has-large-font-size\">\u2605&nbsp;<strong>PREMIER SEMESTRE 2026&nbsp;<\/strong>\u2605<\/p>\n\n\n\n<p class=\"has-text-align-center has-medium-font-size\"><strong>RENCONTRES, DEDICACES, SALONS, FESTIVALS, ATELIERS<\/strong><\/p>\n\n\n\n<p><em>14 f\u00e9vrier \u2013 14h30 \u2013 Rencontre suivie d\u2019une d\u00e9dicace \u2013 La Belle Aventure \u2013 Poitiers<br>19 f\u00e9vrier \u2013 LANCEMENT de Yellow Feu Follet (D\u00e9dicace sur tickets de 17h \u00e0 19h, suivie d\u2019une rencontre partag\u00e9e avec mon \u00e9diteur, de 19h \u00e0 20h) \u2013 Librairie ICI \u2013 Paris<br>21 f\u00e9vrier \u2013 15 \u00e0 18h \u2013 D\u00e9dicace \u2013 Fnac V\u00e9lizy 2 \u2013 V\u00e9lizy Villacoublay<\/em><strong><br><\/strong><em>28 f\u00e9vrier et 1er mars \u2013 Salon des Livres et Vous \u2013 Villette d&rsquo;Anthon<br>6 mars \u2013 15h \u00e0 18h \u2013 D\u00e9dicace Cultura \u2013 Villefranche sur Sa\u00f4ne<br>7 mars \u2013 10h \u00e0 13h \u2013 D\u00e9dicace Momie Romance (sur tickets) \u2013 Lyon<br>14 mars \u2013 15h \u2013 Rencontre suivie d\u2019une d\u00e9dicace \u2013 Gibert Montpellier<\/em><strong><br><\/strong><em>20 mars \u2013 19h \u2013 Bookclub du Divan Perch\u00e9 autour du Cri Soleil \u2013 Paris<br>28 et 29 mars \u2013 Foire du livre de Bruxelles &#8211; Bruxelles<br>3, 4, et 5 avril \u2013 Festival Trolls et L\u00e9gendes \u2013 Mons, Belgique<br>10, 11 et 12 avril \u2013 Forum du livre Saint-Louis \u2013 Saint-Louis, Alsace<\/em><strong><br><\/strong><em>17 et 18 avril \u2013 Festival du Livre de Paris \u2013 Paris<br><\/em><strong>2 mai \u2013 D\u00e9dicace \u2013 15h \u2013 Librairie B\u00e9d\u00e9cin\u00e9 \u2013 Toulouse<br>20 mai \u2013 19h \u2013 Rencontre autour de <em>Yellow Feu Follet<\/em> et d\u00e9dicace \u2013 Librairie Majo &#8211; Paris<br>28, 29, 30 et 31 mai \u2013 Festival les Imaginales \u2013 Epinal<br>6 juin \u2013 14h \u2013 Rencontre et d\u00e9dicace multi-auteurices \u00e0 La Dimension Fantastique \u2013 Paris<br>26, 27 et 28 juin \u2013 Cr\u00e9teil en poche \u2013 Cr\u00e9teil<\/strong><\/p>\n\n\n\n<p class=\"has-text-align-center has-large-font-size\">\u2605&nbsp;<strong>DEUXIEME SEMESTRE 2025&nbsp;<\/strong>\u2605<\/p>\n\n\n\n<p class=\"has-text-align-center has-medium-font-size\"><strong>RENCONTRES, DEDICACES, SALONS, FESTIVALS, ATELIERS<\/strong><\/p>\n\n\n\n<div class=\"wp-block-group\"><div class=\"wp-block-group__inner-container is-layout-constrained wp-block-group-is-layout-constrained\">\n<p><em>3 septembre \u2013 19h30 \u2013 Soir\u00e9e de lancement LE CRI SOLEIL \u2013 Librairie MAJO \u2013 Paris (20e)<br>13 septembre \u2013 15h \u00e0 18h \u2013 D\u00e9dicace \u2013 Librairie Le Furet du Nord \u2013 Lille<br>19, 20 et 21 septembre \u2013 Salon Etrange Grande \u2013 Hettange Grande (pr\u00e8s de Metz)<br>27 septembre \u2013 15h \u00e0 19h \u2013 D\u00e9dicace \u2013 Librairie Book Lovers \u2013 Bordeaux<\/em><strong><br><\/strong><em>10 octobre \u2013 15h \u00e0 19h \u2013 D\u00e9dicace \u2013 Librairie Les Voix des Chapitres \u2013 Marseille<br>11 octobre \u2013 15h \u00e0 19h \u2013 D\u00e9dicace \u2013 Librairie L&rsquo;Antre de Calliop\u00e9e \u2013 Aix-en-Provence<br>25 octobre \u2013 Rencontre et d\u00e9dicace multi-autrices \u2013 La Dimension Fantastique \u2013 Paris<br>1er et 2 novembre \u2013 Salon Les Utopiales \u2013 Nantes <br>8 novembre \u2013 10h \u00e0 13h \u2013 D\u00e9dicace \u2013 Librairie Le Livre d&rsquo;Orge \u2013 Br\u00e9tigny-sur-Orge (91)<br>15 novembre \u2013 15h \u00e0 17h \u2013 Rencontre et Atelier cr\u00e9atif \u2013 Biblioth\u00e8que Oscar Wilde \u2013 Paris<br>22 et 23 novembre \u2013 Festival Les Enchanteurs \u2013 Ch\u00e2teaugiron (pr\u00e8s de Rennes)<br>26 au 30 novembre \u2013 Salon du Livre et de la Presse Jeunesse \u2013 Montreuil<\/em><\/p>\n<\/div><\/div>\n\n\n\n<div style=\"height:40px\" aria-hidden=\"true\" class=\"wp-block-spacer\"><\/div>\n\n\n\n<p class=\"has-text-align-center has-large-font-size\">\u2605&nbsp;<strong>PREMIER SEMESTRE 2025&nbsp;<\/strong>\u2605<\/p>\n\n\n\n<p class=\"has-text-align-center has-medium-font-size\"><strong>RENCONTRES, DEDICACES, SALONS, FESTIVALS, ATELIERS<\/strong><\/p>\n\n\n\n<p><em>01 f\u00e9vrier &#8211; Rencontre et Atelier &#8211;  \u00ab\u00a0Prix Lire dans le 20e\u00a0\u00bb &#8211; Biblioth\u00e8que Sorbier &#8211; Paris<br>01 mars &#8211; D\u00e9dicace \u2013 Librairie \u2013 L\u2019Antre de Calliop\u00e9e \u2013 Aix-en-Provence<br>07, 8 et 9 mars \u2013 Festival litt\u00e9raire ATLANTIDE \u2013 Nantes<\/em><br><em>28 mars \u2013 Rencontre Scolaire \u2013 \u00ab Prix Premi\u00e8res Paroles \u00bb &#8211; Rouen<br>08 avril \u2013 Rencontre Scolaire \u2013 \u00ab Prix Papyrus \u00bb &#8211; \u00cele de France<\/em><br><em>18 avril \u2013 Rencontre et D\u00e9dicace \u2013 Bookclub Decitre \u2013 Annecy<br>01, 2, 3 et 4 mai \u2013 Festival Echos et Merveilles \u2013 Brugui\u00e8res<\/em><strong><br><\/strong><em>12 et 13 mai \u2013 Rencontre Scolaire \u2013 \u00ab Prix des territoires de Belfort \u00bb &#8211; Belfort<br>16, 17 et 18 mai \u2013 Festival Lis tes Ratures \u2013 Loub\u00e8s (r\u00e9gion bordelaise)<br>01 juin \u2013 Salon litt\u00e9raire de Montargis \u2013 Montargis<\/em><\/p>\n\n\n\n<div style=\"height:28px\" aria-hidden=\"true\" class=\"wp-block-spacer\"><\/div>\n\n\n\n<p class=\"has-text-align-center has-large-font-size\">\u2605&nbsp;<strong>DEUXIEME SEMESTRE 2024<\/strong>&nbsp;\u2605<\/p>\n\n\n\n<p class=\"has-text-align-center has-medium-font-size\"><strong>RENCONTRES, DEDICACES, SALONS, FESTIVALS, ATELIERS<\/strong><\/p>\n\n\n\n<p><em>07 et 08 septembre \u2013 Festival Etrange Grande \u2013 Hettange Grande \u2013 Lorraine<br>28 et 29 septembre \u2013 Salon Les Aventuriales \u2013 M\u00e9n\u00e9trol \u2013 Auvergne<\/em><br><em>5 octobre \u2013 Festival les Halliennales \u2013 Hallennes-lez-Haubourdin<br>02 novembre \u2013 D\u00e9dicace \u2013 Librairie Le Temple d\u2019Inari \u2013 Mulhouse<br>08 novembre \u2013 Lancement de LA DEMEURE DES MAH-HAUT-RELS \u2013 Librairie Majo \u2013 Paris<\/em><strong><br><\/strong><em>16 et 17 novembre \u2013 Salon du Livre du Touquet Paris-Plage \u2013 Touquet<br>23 novembre \u2013 Salon du Merveilleux \u2013 Ch\u00e2tenay-Malabry<br>29 et 30 novembre, 1er d\u00e9cembre \u2013 Salon du Livre et de la Presse Jeunesse &#8211; Montreuil<\/em><\/p>\n\n\n\n<div style=\"height:28px\" aria-hidden=\"true\" class=\"wp-block-spacer\"><\/div>\n\n\n\n<p class=\"has-text-align-center has-large-font-size\">\u2605&nbsp;<strong>PREMIER SEMESTRE 2024<\/strong>&nbsp;\u2605<\/p>\n\n\n\n<p class=\"has-text-align-center has-medium-font-size\"><strong>RENCONTRES, DEDICACES, SALONS, FESTIVALS, ATELIERS<\/strong><\/p>\n\n\n\n<p><em>03 f\u00e9vrier \u2013 Rencontre crois\u00e9e avec C\u00e9lia Flaux \u2013 Librairie La Belle Aventure \u2013 Poitiers<br>07 f\u00e9vrier \u2013 Lancement de Plein-Ciel \u2013 Librairie MAJO \u2013 Paris<br>24 f\u00e9vrier \u2013 Rencontre et d\u00e9dicace \u2013 Librairie Les Voix des Chapitres \u2013 Marseille<br>28 f\u00e9vrier \u2013 D\u00e9dicace \u2013 Librairie Gibert Toulouse \u2013 Toulouse<br>02 mars \u2013 Salon du livre d\u2019Etampes \u2013 Etampes<br>16 mars \u2013 D\u00e9dicace \u2013 Librairie Momie Kids \u2013 Lyon<br>23 mars \u2013 D\u00e9dicace \u2013 Librairie Bo\u00eete \u00e0 Livres \u2013 Tours<br>30 et 31 mars \u2013 Festival Trolls et L\u00e9gendes \u2013 Belgique, Mons<br>13 avril \u2013 Festival du Livre de Paris \u2013 Stand Albin Michel Jeunesse \u2013 Paris<br>14 avril \u2013 D\u00e9dicace FNAC VELIZY \u2013 V\u00e9lizy Villacoublay<br>20 avril \u2013 Bal des Mille Livres \u2013 Ch\u00e2teau de Breteuil, CHOISY<br>24 avril \u2013 D\u00e9dicace Librairie La Dimension Fantastique \u2013 Paris<br>4 et 5 mai \u2013 Festival L\u2019Ouest Hurlant \u2013 Rennes<br>23, 24, 25 et 26 mai \u2013 Festival Les Imaginales \u2013 Epinal<\/em><br><em>31 mai, 1er et 2 juin \u2013 Festival Booklovers \u2013 Lausanne, Suisse<br>8 juin \u2013 Salon YA Bragelonne \u2013 Paris<br>15 juin \u2013 D\u00e9dicace Librairie Le Furet du Nord \u2013 Lille<br>22 juin \u2013 D\u00e9dicace FNAC Croix Blanche \u2013 Sainte-Genevi\u00e8ve-des-Bois<br>26 juin \u2013 Grande Finale Les Petits champions de la lecture \u2013 Paris<\/em><\/p>\n\n\n\n<div style=\"height:28px\" aria-hidden=\"true\" class=\"wp-block-spacer\"><\/div>\n\n\n\n<p class=\"has-text-align-center has-large-font-size\">\u2605&nbsp;<strong>DEUXIEME SEMESTRE 2023<\/strong>&nbsp;\u2605<\/p>\n\n\n\n<p class=\"has-text-align-center has-medium-font-size\"><strong>RENCONTRES, DEDICACES, SALONS, FESTIVALS, ATELIERS<\/strong><\/p>\n\n\n\n<p style=\"font-size:18px\"><em>06 octobre \u2013 Lancement de L\u2019Etoile du Soir \u2013 Librairie MAJO \u2013 Paris<br>18 novembre \u2013 D\u00e9dicace \u2013 FNAC VELIZY 2 \u2013 V\u00e9lizy Villacoublay<br>2 et 3 d\u00e9cembre \u2013 D\u00e9dicace \u2013 Salon du Livre et de la Presse jeunesse \u2013 Montreuil<\/em><\/p>\n\n\n\n<p class=\"has-text-align-center has-large-font-size\"><\/p>\n","protected":false},"excerpt":{"rendered":"<p>\u2605\u2605\u2605 Pour plus d\u2019informations et pour suivre en direct les actualit\u00e9s, les rencontres, les d\u00e9dicaces, les conf\u00e9rences ou les Ateliers qui s\u2019organisent autour de mon travail litt\u00e9raire, n\u2019h\u00e9sitez pas \u00e0 consulter les stories et les posts de mon&nbsp;COMPTE INSTAGRAM \u2605\u2605\u2605 \u2605&nbsp;PREMIER SEMESTRE 2026&nbsp;\u2605 RENCONTRES, DEDICACES, SALONS, FESTIVALS, ATELIERS 14 f\u00e9vrier \u2013 14h30 \u2013 Rencontre suivie d\u2019une d\u00e9dicace \u2013 La Belle Aventure \u2013 Poitiers19 f\u00e9vrier \u2013 LANCEMENT de Yellow Feu Follet (D\u00e9dicace sur tickets de 17h \u00e0 19h, suivie d\u2019une rencontre&#8230;<\/p>\n<p class=\"read-more\"><a class=\"btn btn-default\" href=\"https:\/\/sieclevaelban.com\/?page_id=300\">Lire la suite<span class=\"screen-reader-text\"> Lire la suite<\/span><\/a><\/p>\n","protected":false},"author":1,"featured_media":0,"parent":0,"menu_order":0,"comment_status":"closed","ping_status":"closed","template":"","meta":{"footnotes":""},"class_list":["post-300","page","type-page","status-publish","hentry"],"post_mailing_queue_ids":[],"_links":{"self":[{"href":"https:\/\/sieclevaelban.com\/index.php?rest_route=\/wp\/v2\/pages\/300"}],"collection":[{"href":"https:\/\/sieclevaelban.com\/index.php?rest_route=\/wp\/v2\/pages"}],"about":[{"href":"https:\/\/sieclevaelban.com\/index.php?rest_route=\/wp\/v2\/types\/page"}],"author":[{"embeddable":true,"href":"https:\/\/sieclevaelban.com\/index.php?rest_route=\/wp\/v2\/users\/1"}],"replies":[{"embeddable":true,"href":"https:\/\/sieclevaelban.com\/index.php?rest_route=%2Fwp%2Fv2%2Fcomments&post=300"}],"version-history":[{"count":62,"href":"https:\/\/sieclevaelban.com\/index.php?rest_route=\/wp\/v2\/pages\/300\/revisions"}],"predecessor-version":[{"id":2161,"href":"https:\/\/sieclevaelban.com\/index.php?rest_route=\/wp\/v2\/pages\/300\/revisions\/2161"}],"wp:attachment":[{"href":"https:\/\/sieclevaelban.com\/index.php?rest_route=%2Fwp%2Fv2%2Fmedia&parent=300"}],"curies":[{"name":"wp","href":"https:\/\/api.w.org\/{rel}","templated":true}]}}