{"id":382,"date":"2019-04-06T21:57:07","date_gmt":"2019-04-06T19:57:07","guid":{"rendered":"http:\/\/sieclevaelban.com\/?page_id=382"},"modified":"2025-03-26T14:55:36","modified_gmt":"2025-03-26T13:55:36","slug":"home","status":"publish","type":"page","link":"https:\/\/sieclevaelban.com\/","title":{"rendered":"Accueil"},"content":{"rendered":"\n<p class=\"has-text-align-center has-medium-font-size\">Visiteur inconnu, myst\u00e9rieuse exploratrice ou complice de longue date,&nbsp;bienvenue dans mon univers !<\/p>\n\n\n\n<div style=\"height:17px\" aria-hidden=\"true\" class=\"wp-block-spacer\"><\/div>\n\n\n<div class=\"wp-block-image is-style-rounded\">\n<figure class=\"aligncenter size-large is-resized\"><img loading=\"lazy\" decoding=\"async\" width=\"768\" height=\"1024\" src=\"https:\/\/sieclevaelban.com\/wp-content\/uploads\/sites\/3\/2024\/10\/Siecle-768x1024.jpeg\" alt=\"\" class=\"wp-image-1672\" style=\"width:245px;height:auto\" srcset=\"https:\/\/sieclevaelban.com\/wp-content\/uploads\/sites\/3\/2024\/10\/Siecle-768x1024.jpeg 768w, https:\/\/sieclevaelban.com\/wp-content\/uploads\/sites\/3\/2024\/10\/Siecle-225x300.jpeg 225w, https:\/\/sieclevaelban.com\/wp-content\/uploads\/sites\/3\/2024\/10\/Siecle-1152x1536.jpeg 1152w, https:\/\/sieclevaelban.com\/wp-content\/uploads\/sites\/3\/2024\/10\/Siecle-203x270.jpeg 203w, https:\/\/sieclevaelban.com\/wp-content\/uploads\/sites\/3\/2024\/10\/Siecle.jpeg 1536w\" sizes=\"(max-width: 768px) 100vw, 768px\" \/><\/figure><\/div>\n\n\n<div style=\"height:17px\" aria-hidden=\"true\" class=\"wp-block-spacer\"><\/div>\n\n\n\n<p>Si tu as trouv\u00e9 le chemin de ce site, c\u2019est que tu te poses une question cruciale : qui confabule joyeusement sur ces pages virtuelles ?&nbsp;Eh bien, moi, Si\u00e8cle Va\u00eblban, fervente adepte des lunettes en forme de c\u0153ur.<\/p>\n\n\n\n<p>Voici quelques informations me concernant : je compte moins de la moiti\u00e9 de ma personne en nombre d\u2019ann\u00e9es. Une licence de philosophie dans un coin de poche, j\u2019ai davantage chemin\u00e9 sur les routes que sur les bancs de fac : j\u2019y ai appris que les \u00eatres sont partout diff\u00e9rents et partout semblables, que le rire est une langue universelle, que cultiver l\u2019art de&nbsp;s\u2019\u00e9merveiller m\u00e8ne au bonheur et qu\u2019il est bon de chuter pour apprivoiser sa peur. <\/p>\n\n\n\n<p>Fort&nbsp;heureusement, je n\u2019ai pas toute ma t\u00eate, ce qui laisse de la place pour les couchers de soleil. Je collectionne les lunettes en forme de c\u0153ur, les origamis-dragons et la saveur de la m\u00e9tamorphose. Tout ce qui a trait \u00e0 la m\u00e9canique de l&rsquo;Univers me passionne. Mon rouage favori est la cr\u00e9ation, ma meilleure cl\u00e9, la puissance de l&rsquo;imagination, et j\u2019aime ouvrir les portes comme d\u2019autres aiment tricoter les chaussettes d\u00e9pareill\u00e9es.<\/p>\n\n\n\n<p>J&rsquo;\u00e9cris avec bonheur, pers\u00e9v\u00e9rance et froufroutante pugnacit\u00e9 les histoires qui me rendent visite. Je travaille, main dans la main, avec ma merveilleuse agente, <a href=\"https:\/\/www.curtisbrown.co.uk\/agent\/roxane-edouard-28french-29\" target=\"_blank\" rel=\"noreferrer noopener\">Roxane Edouard<\/a>, et tu es au bon endroit si tu veux en apprendre davantage sur <a href=\"https:\/\/sieclevaelban.com\/?page_id=925\" data-type=\"page\" data-id=\"925\" target=\"_blank\" rel=\"noreferrer noopener\">mon parcours<\/a>, sur <a href=\"https:\/\/sieclevaelban.com\/?page_id=1706\" data-type=\"page\" data-id=\"1706\" target=\"_blank\" rel=\"noreferrer noopener\">la th\u00e9orie des lunettes en forme de c\u0153ur<\/a> ou sur mes diff\u00e9rents <a href=\"https:\/\/sieclevaelban.com\/?page_id=1682\" data-type=\"page\" data-id=\"1682\" target=\"_blank\" rel=\"noreferrer noopener\">projets litt\u00e9raires<\/a>.<\/p>\n\n\n\n<p class=\"has-text-align-center\">Lumi\u00e8re sur ta journ\u00e9e !<\/p>\n\n\n\n<div style=\"height:38px\" aria-hidden=\"true\" class=\"wp-block-spacer\"><\/div>\n\n\n<div class=\"wp-block-image is-style-rounded\">\n<figure class=\"aligncenter size-large is-resized\"><img loading=\"lazy\" decoding=\"async\" width=\"1024\" height=\"1024\" src=\"https:\/\/sv.kay-joon.fr\/wp-content\/uploads\/sites\/3\/2022\/09\/Atelier-Gabrielle-Image-2-Atelier-dEcriture-Creative-Jeunes-Adultes-1024x1024.jpg\" alt=\"\" class=\"wp-image-1469\" style=\"width:308px;height:auto\" srcset=\"https:\/\/sieclevaelban.com\/wp-content\/uploads\/sites\/3\/2022\/09\/Atelier-Gabrielle-Image-2-Atelier-dEcriture-Creative-Jeunes-Adultes-1024x1024.jpg 1024w, https:\/\/sieclevaelban.com\/wp-content\/uploads\/sites\/3\/2022\/09\/Atelier-Gabrielle-Image-2-Atelier-dEcriture-Creative-Jeunes-Adultes-300x300.jpg 300w, https:\/\/sieclevaelban.com\/wp-content\/uploads\/sites\/3\/2022\/09\/Atelier-Gabrielle-Image-2-Atelier-dEcriture-Creative-Jeunes-Adultes-150x150.jpg 150w, https:\/\/sieclevaelban.com\/wp-content\/uploads\/sites\/3\/2022\/09\/Atelier-Gabrielle-Image-2-Atelier-dEcriture-Creative-Jeunes-Adultes-768x768.jpg 768w, https:\/\/sieclevaelban.com\/wp-content\/uploads\/sites\/3\/2022\/09\/Atelier-Gabrielle-Image-2-Atelier-dEcriture-Creative-Jeunes-Adultes-1536x1536.jpg 1536w, https:\/\/sieclevaelban.com\/wp-content\/uploads\/sites\/3\/2022\/09\/Atelier-Gabrielle-Image-2-Atelier-dEcriture-Creative-Jeunes-Adultes-270x270.jpg 270w, https:\/\/sieclevaelban.com\/wp-content\/uploads\/sites\/3\/2022\/09\/Atelier-Gabrielle-Image-2-Atelier-dEcriture-Creative-Jeunes-Adultes.jpg 1964w\" sizes=\"(max-width: 1024px) 100vw, 1024px\" \/><\/figure><\/div>\n\n\n<p><\/p>\n","protected":false},"excerpt":{"rendered":"<p>Visiteur inconnu, myst\u00e9rieuse exploratrice ou complice de longue date,&nbsp;bienvenue dans mon univers ! Si tu as trouv\u00e9 le chemin de ce site, c\u2019est que tu te poses une question cruciale : qui confabule joyeusement sur ces pages virtuelles ?&nbsp;Eh bien, moi, Si\u00e8cle Va\u00eblban, fervente adepte des lunettes en forme de c\u0153ur. Voici quelques informations me concernant : je compte moins de la moiti\u00e9 de ma personne en nombre d\u2019ann\u00e9es. Une licence de philosophie dans un coin de poche, j\u2019ai davantage&#8230;<\/p>\n<p class=\"read-more\"><a class=\"btn btn-default\" href=\"https:\/\/sieclevaelban.com\/\">Lire la suite<span class=\"screen-reader-text\"> Lire la suite<\/span><\/a><\/p>\n","protected":false},"author":1,"featured_media":0,"parent":0,"menu_order":0,"comment_status":"closed","ping_status":"closed","template":"","meta":{"footnotes":""},"class_list":["post-382","page","type-page","status-publish","hentry"],"post_mailing_queue_ids":[],"_links":{"self":[{"href":"https:\/\/sieclevaelban.com\/index.php?rest_route=\/wp\/v2\/pages\/382"}],"collection":[{"href":"https:\/\/sieclevaelban.com\/index.php?rest_route=\/wp\/v2\/pages"}],"about":[{"href":"https:\/\/sieclevaelban.com\/index.php?rest_route=\/wp\/v2\/types\/page"}],"author":[{"embeddable":true,"href":"https:\/\/sieclevaelban.com\/index.php?rest_route=\/wp\/v2\/users\/1"}],"replies":[{"embeddable":true,"href":"https:\/\/sieclevaelban.com\/index.php?rest_route=%2Fwp%2Fv2%2Fcomments&post=382"}],"version-history":[{"count":111,"href":"https:\/\/sieclevaelban.com\/index.php?rest_route=\/wp\/v2\/pages\/382\/revisions"}],"predecessor-version":[{"id":1940,"href":"https:\/\/sieclevaelban.com\/index.php?rest_route=\/wp\/v2\/pages\/382\/revisions\/1940"}],"wp:attachment":[{"href":"https:\/\/sieclevaelban.com\/index.php?rest_route=%2Fwp%2Fv2%2Fmedia&parent=382"}],"curies":[{"name":"wp","href":"https:\/\/api.w.org\/{rel}","templated":true}]}}