{"id":925,"date":"2022-05-29T20:25:36","date_gmt":"2022-05-29T18:25:36","guid":{"rendered":"https:\/\/sv.kay-joon.fr\/?page_id=925"},"modified":"2026-01-05T10:31:12","modified_gmt":"2026-01-05T09:31:12","slug":"siecle-vaelban-qui-suis-je","status":"publish","type":"page","link":"https:\/\/sieclevaelban.com\/?page_id=925","title":{"rendered":"Si\u00e8cle, qui es-tu ?"},"content":{"rendered":"\n<div style=\"height:83px\" aria-hidden=\"true\" class=\"wp-block-spacer\"><\/div>\n\n\n\n<figure class=\"wp-block-gallery has-nested-images columns-default is-cropped wp-block-gallery-1 is-layout-flex wp-block-gallery-is-layout-flex\">\n<figure class=\"wp-block-image size-large\"><img loading=\"lazy\" decoding=\"async\" width=\"768\" height=\"1024\" data-id=\"1696\" src=\"https:\/\/sieclevaelban.com\/wp-content\/uploads\/sites\/3\/2024\/10\/Siecle-1-768x1024.jpeg\" alt=\"\" class=\"wp-image-1696\" srcset=\"https:\/\/sieclevaelban.com\/wp-content\/uploads\/sites\/3\/2024\/10\/Siecle-1-768x1024.jpeg 768w, https:\/\/sieclevaelban.com\/wp-content\/uploads\/sites\/3\/2024\/10\/Siecle-1-225x300.jpeg 225w, https:\/\/sieclevaelban.com\/wp-content\/uploads\/sites\/3\/2024\/10\/Siecle-1-1152x1536.jpeg 1152w, https:\/\/sieclevaelban.com\/wp-content\/uploads\/sites\/3\/2024\/10\/Siecle-1-203x270.jpeg 203w, https:\/\/sieclevaelban.com\/wp-content\/uploads\/sites\/3\/2024\/10\/Siecle-1.jpeg 1536w\" sizes=\"(max-width: 768px) 100vw, 768px\" \/><\/figure>\n\n\n\n<figure class=\"wp-block-image size-large\"><img loading=\"lazy\" decoding=\"async\" width=\"693\" height=\"1024\" data-id=\"1698\" src=\"https:\/\/sieclevaelban.com\/wp-content\/uploads\/sites\/3\/2024\/10\/SiecleV-693x1024.jpeg\" alt=\"\" class=\"wp-image-1698\" srcset=\"https:\/\/sieclevaelban.com\/wp-content\/uploads\/sites\/3\/2024\/10\/SiecleV-693x1024.jpeg 693w, https:\/\/sieclevaelban.com\/wp-content\/uploads\/sites\/3\/2024\/10\/SiecleV-203x300.jpeg 203w, https:\/\/sieclevaelban.com\/wp-content\/uploads\/sites\/3\/2024\/10\/SiecleV-768x1136.jpeg 768w, https:\/\/sieclevaelban.com\/wp-content\/uploads\/sites\/3\/2024\/10\/SiecleV-1039x1536.jpeg 1039w, https:\/\/sieclevaelban.com\/wp-content\/uploads\/sites\/3\/2024\/10\/SiecleV-183x270.jpeg 183w, https:\/\/sieclevaelban.com\/wp-content\/uploads\/sites\/3\/2024\/10\/SiecleV.jpeg 1385w\" sizes=\"(max-width: 693px) 100vw, 693px\" \/><\/figure>\n\n\n\n<figure class=\"wp-block-image size-large\"><img loading=\"lazy\" decoding=\"async\" width=\"768\" height=\"1024\" data-id=\"1699\" src=\"https:\/\/sieclevaelban.com\/wp-content\/uploads\/sites\/3\/2024\/10\/Siecle-Vaelban-2-768x1024.jpeg\" alt=\"\" class=\"wp-image-1699\" srcset=\"https:\/\/sieclevaelban.com\/wp-content\/uploads\/sites\/3\/2024\/10\/Siecle-Vaelban-2-768x1024.jpeg 768w, https:\/\/sieclevaelban.com\/wp-content\/uploads\/sites\/3\/2024\/10\/Siecle-Vaelban-2-225x300.jpeg 225w, https:\/\/sieclevaelban.com\/wp-content\/uploads\/sites\/3\/2024\/10\/Siecle-Vaelban-2-1152x1536.jpeg 1152w, https:\/\/sieclevaelban.com\/wp-content\/uploads\/sites\/3\/2024\/10\/Siecle-Vaelban-2-203x270.jpeg 203w, https:\/\/sieclevaelban.com\/wp-content\/uploads\/sites\/3\/2024\/10\/Siecle-Vaelban-2.jpeg 1536w\" sizes=\"(max-width: 768px) 100vw, 768px\" \/><\/figure>\n<\/figure>\n\n\n\n<div style=\"height:70px\" aria-hidden=\"true\" class=\"wp-block-spacer\"><\/div>\n\n\n\n<p class=\"has-text-align-center has-large-font-size\">\u2660\u2663 <strong>Qui suis-je ?<\/strong> \u2665\u2666<\/p>\n\n\n\n<p>Si\u00e8cle Va\u00eblban. <a href=\"https:\/\/sieclevaelban.com\/?page_id=1682\" data-type=\"page\" data-id=\"1682\" target=\"_blank\" rel=\"noreferrer noopener\">Autrice de romans<\/a> f\u00e9rue de contes et de litt\u00e9rature merveilleuse. Artiste et cr\u00e9atrice de <a href=\"https:\/\/www.kay-joon.fr\/\" target=\"_blank\" rel=\"noreferrer noopener\">Tableaux Photographiques<\/a>. Passionn\u00e9e par les m\u00e9canismes de la cr\u00e9ativit\u00e9, les cl\u00e9s de transformation int\u00e9rieure, la toile du vivant, et la recherche de ce <em>je-ne-sais-quoi-de-l\u00e9ger-qui-rend-la-vie-joyeuse-et-belle. <\/em><\/p>\n\n\n\n<p>Je suis persuad\u00e9e que la cr\u00e9ativit\u00e9 est un moteur puissant qui donne du sens au quotidien et rayonne dans toutes les sph\u00e8res de la vie. C&rsquo;est aussi un muscle qui se fa\u00e7onne et nous permet de gagner en d\u00e9brouillardise, en assurance et en curiosit\u00e9. <\/p>\n\n\n\n<p>Je m&rsquo;int\u00e9resse \u00e0 diff\u00e9rents m\u00e9dias cr\u00e9atifs, mais confesse une fascination particuli\u00e8re pour la puissance des mots et des histoires. Les histoires sont des portes d\u00e9pourvues de serrures qui nous invitent au voyage et \u00e0 l&rsquo;\u00e9merveillement. Elles tissent des ressources pr\u00e9cieuses \u00e0 l&rsquo;int\u00e9rieur des \u00eatres ; elles enseignent, nourrissent le c\u0153ur et ouvrent l&rsquo;esprit !<\/p>\n\n\n\n<p>J&rsquo;accorde \u00e9galement un int\u00e9r\u00eat profond aux exp\u00e9riences de partage qui animent\/r\u00e9animent nos liens avec le monde vivant, la nature, les autres, et notre royaume int\u00e9rieur. <\/p>\n\n\n\n<div style=\"height:21px\" aria-hidden=\"true\" class=\"wp-block-spacer\"><\/div>\n\n\n\n<p class=\"has-text-align-center has-large-font-size\">\u2660\u2663 <strong>Mon parcours<\/strong> \u2665\u2666<\/p>\n\n\n\n<p>\u058e ETUDES &#8211; Mon Baccalaur\u00e9at en poche, j&rsquo;ai suivi pendant deux ann\u00e9es des \u00e9tudes de droit avant de changer de voie et de rejoindre la Sorbonne &#8211; Universit\u00e9 Paris IV &#8211; o\u00f9 j&rsquo;ai obtenu en 2010 ma licence de philosophie (agr\u00e9ment\u00e9e d&rsquo;une mineure en sociologie).<\/p>\n\n\n\n<p>\u058e VOYAGES &#8211; D\u00e8s l&rsquo;ann\u00e9e 2011, je prends la route pour tenter de comprendre ces choses myst\u00e9rieuses qu&rsquo;on apprend pas sur les bancs de fac, aussi sympathiques soient-ils. Au fil des ann\u00e9es, je poursuis mes explorations et m&rsquo;immerge plusieurs mois en Asie du Sud-Ouest, en Inde notamment, mais \u00e9galement au N\u00e9pal, en Tha\u00eflande, au Vietnam, au Cambodge et en Indon\u00e9sie. Je voyage aussi en Europe de l&rsquo;Ouest, au Canada et au Br\u00e9sil.<\/p>\n\n\n\n<p>\u058e TABLEAUX PHOTOGRAPHIQUES &#8211; Depuis l\u2019ann\u00e9e 2008, j\u2019exerce ma cr\u00e9ativit\u00e9 en mettant mon imaginaire en images. Je cr\u00e9e des&nbsp;<a href=\"https:\/\/www.kay-joon.fr\/\" target=\"_blank\" rel=\"noreferrer noopener\"><em>Tableaux Photographiques<\/em>&nbsp;sous le pseudonyme de&nbsp;<em>Kay-Joon<\/em>.<\/a> Exploration aux quatre vents lors de mes d\u00e9buts, cette pratique artistique s\u2019est orchestr\u00e9e au fil des ann\u00e9es en trois \u00e9tapes distinctes : le travail photographique avec des mod\u00e8les vivants ; la cr\u00e9ation des tableaux sur logiciel ; la mise en sc\u00e8ne artistique des tableaux au travers d&rsquo;expositions burlesques et de parcours oniriques.<\/p>\n\n\n\n<p>\u058e ECRITURE &#8211; En 2011, je commence \u00e0 \u00e9crire s\u00e9rieusement, c&rsquo;est-\u00e0-dire \u00e0 consacrer des temps r\u00e9guliers \u00e0 l&rsquo;\u00e9criture dans l&rsquo;objectif de construire et de terminer des histoires. Entre 2013 et 2018, je rejoins l&rsquo;\u00e9quipe d&rsquo;administration de <a href=\"https:\/\/cocyclics.org\/\" target=\"_blank\" rel=\"noreferrer noopener\">Cocyclics<\/a>, un forum d&rsquo;\u00e9criture consacr\u00e9 aux <a href=\"https:\/\/fr.wikipedia.org\/wiki\/Litt%C3%A9ratures_de_l%27imaginaire\" target=\"_blank\" rel=\"noreferrer noopener\">litt\u00e9ratures de l&rsquo;imaginaire<\/a> : j&rsquo;apprend \u00e0 g\u00e9rer des \u00e9quipes, des projets, \u00e0 organiser des \u00e9v\u00e9nements et \u00e0 favoriser l&rsquo;\u00e9mulation cr\u00e9ative. D&rsquo;un point de vue litt\u00e9raire, j&rsquo;y pratique en long, en large et en travers <a href=\"https:\/\/cocyclics.org\/?page_id=48\" target=\"_blank\" rel=\"noreferrer noopener\">la b\u00eata-lecture<\/a>, c&rsquo;est-\u00e0-dire la relecture critique et argument\u00e9e des textes d&rsquo;autrices et d&rsquo;auteurs. Je retravaille \u00e9galement mes propres textes gr\u00e2ce aux retours d&rsquo;autres \u00e9crivains. Je me forme, j&rsquo;apprends les techniques d&rsquo;\u00e9criture, j&rsquo;exp\u00e9rimente diff\u00e9rents formats d&rsquo;histoires, je remets cent fois mon ouvrage sur la table. En 2017, je signe avec mon agente litt\u00e9raire, <a href=\"https:\/\/www.curtisbrown.co.uk\/agent\/roxane-edouard-28french-29\" target=\"_blank\" rel=\"noreferrer noopener\">Roxane Edouard<\/a> &#8211; nous entamons un travail de longue haleine sur mes projets de romans. J&rsquo;\u00e9cris d\u00e9sormais tous les jours et m&rsquo;engage dans une phase d&rsquo;\u00e9criture intensive qui se poursuit \u00e0 ce jour. En 2021\/2022, mes projets partent en recherche \u00e9ditoriale. En 2023, mon premier roman,<em><a href=\"https:\/\/sieclevaelban.com\/?page_id=1732\" data-type=\"page\" data-id=\"1732\" target=\"_blank\" rel=\"noreferrer noopener\"> L&rsquo;Etoile du Soir<\/a><a href=\"https:\/\/heartshapedglassestheory.com\/etoile-et-petit-matin\/\" target=\"_blank\" rel=\"noreferrer noopener\">,<\/a><\/em> est publi\u00e9 aux \u00e9ditions Albin Michel Jeunesse.<\/p>\n\n\n\n<p>\u058e TAROT ET ORACLES &#8211; En 2015, je me forme au Tarot de Marseille en suivant la formation de <a href=\"https:\/\/formation.kevinmeunier.com\/\" target=\"_blank\" rel=\"noreferrer noopener\">l&rsquo;Ecole Kevin Meunier<\/a> qui enseigne la tarologie humaniste\/ou taropie, une m\u00e9thode de lecture des cartes et d&rsquo;accompagnement des personnes dans leur d\u00e9veloppement personnel. La m\u00e9thode de Kevin Meunier m\u00eale \u00e9thique rigoureuse, travail de l&rsquo;intuition, exp\u00e9rimentation, pragmatisme, coaching et beaucoup de bienveillance. Avec ma complice, la talentueuse illustratrice, <a href=\"https:\/\/anouckfaure.com\/\" target=\"_blank\" rel=\"noreferrer noopener\">Anouck Faure<\/a>, nous fomentons, depuis l&rsquo;ann\u00e9e 2021, la cr\u00e9ation d&rsquo;un oracle en 52 cartes sur la cr\u00e9ativit\u00e9 : cet outil d&rsquo;accompagnement \u00e0 destination des cr\u00e9atrices et des cr\u00e9ateurs a trouv\u00e9 son \u00e9diteur et sera publi\u00e9 en 2026.<\/p>\n\n\n\n<p>\u058e DANSES DE LA PAIX UNIVERSELLE &#8211; Je d\u00e9couvre les Danses de la Paix en 2017 et c&rsquo;est une merveilleuse r\u00e9v\u00e9lation. Je participe \u00e0 de nombreux cercles de danses, \u00e0 des retraites de plusieurs jours et \u00e0 des camps d&rsquo;\u00e9t\u00e9. En 2019, je commence (en Angleterre) une formation de guide des<a href=\"https:\/\/dancesofuniversalpeace.org\/\" target=\"_blank\" rel=\"noreferrer noopener\"> Danses de la Paix Universelle<\/a>. Je suis certifi\u00e9e durant l&rsquo;\u00e9t\u00e9 2024. Les Danses de la Paix sont des mantras dans\u00e9s et chant\u00e9s en cercle, inspir\u00e9s des traditions du monde entier ; une pratique \u00e0 la fois int\u00e9rieure et en lien avec les autres qui favorise la paix, le bien-\u00eatre, la gratitude et la relation \u00e0 la nature et \u00e0 la dimension sacr\u00e9e du vivant.<\/p>\n\n\n\n<div style=\"height:21px\" aria-hidden=\"true\" class=\"wp-block-spacer\"><\/div>\n\n\n\n<p class=\"has-text-align-center has-large-font-size\">\u2660\u2663 <strong>Aujourd&rsquo;hui<\/strong> \u2665\u2666<\/p>\n\n\n\n<p>En 2026, je d\u00e9veloppe mon m\u00e9tier d&rsquo;autrice aux c\u00f4t\u00e9s de mon agente, <a href=\"https:\/\/www.curtisbrown.co.uk\/agent\/roxane-edouard-28french-29\" target=\"_blank\" rel=\"noreferrer noopener\">Roxane <\/a><a href=\"https:\/\/www.curtisbrown.co.uk\/agent\/roxane-edouard-french#!\" target=\"_blank\" rel=\"noreferrer noopener\">Edouard<\/a>, qui est charg\u00e9e de repr\u00e9senter l&rsquo;ensemble de mon travail litt\u00e9raire aupr\u00e8s des \u00e9diteurs et autres partenaires cr\u00e9atifs. J&rsquo;\u00e9cris de nouvelles histoires, j&rsquo;accompagne mes romans publi\u00e9s aupr\u00e8s des lecteurs et je pr\u00e9pare mes prochaines publications en coulisses. Vous pouvez retrouver la pr\u00e9sentation de mes romans <a href=\"https:\/\/sieclevaelban.com\/?page_id=1682\" data-type=\"page\" data-id=\"1682\" target=\"_blank\" rel=\"noreferrer noopener\">sur cette page<\/a>. Je reprendrai le moment venu ma cr\u00e9ation de <a href=\"https:\/\/www.kay-joon.fr\/\" target=\"_blank\" rel=\"noreferrer noopener\">Tableaux Photographiques<\/a> sous le pseudonyme de Kay-Joon. Avec Anouck Faure, nous travaillons \u00e0 la proverbiale multiplication des petits <a href=\"https:\/\/sieclevaelban.com\/?page_id=1062\" data-type=\"page\" data-id=\"1062\">Pactes Cr\u00e9ateur<\/a>s \u00e0 la surface du monde. Enfin, je coanime un<a href=\"https:\/\/sieclevaelban.com\/?page_id=1481\" data-type=\"page\" data-id=\"1481\" target=\"_blank\" rel=\"noreferrer noopener\"> cercle de Danses de la Paix Universelle <\/a>\u00e0 Paris.<\/p>\n","protected":false},"excerpt":{"rendered":"<p>\u2660\u2663 Qui suis-je ? \u2665\u2666 Si\u00e8cle Va\u00eblban. Autrice de romans f\u00e9rue de contes et de litt\u00e9rature merveilleuse. Artiste et cr\u00e9atrice de Tableaux Photographiques. Passionn\u00e9e par les m\u00e9canismes de la cr\u00e9ativit\u00e9, les cl\u00e9s de transformation int\u00e9rieure, la toile du vivant, et la recherche de ce je-ne-sais-quoi-de-l\u00e9ger-qui-rend-la-vie-joyeuse-et-belle. Je suis persuad\u00e9e que la cr\u00e9ativit\u00e9 est un moteur puissant qui donne du sens au quotidien et rayonne dans toutes les sph\u00e8res de la vie. C&rsquo;est aussi un muscle qui se fa\u00e7onne et nous permet&#8230;<\/p>\n<p class=\"read-more\"><a class=\"btn btn-default\" href=\"https:\/\/sieclevaelban.com\/?page_id=925\">Lire la suite<span class=\"screen-reader-text\"> Lire la suite<\/span><\/a><\/p>\n","protected":false},"author":1,"featured_media":0,"parent":0,"menu_order":0,"comment_status":"closed","ping_status":"closed","template":"","meta":{"footnotes":""},"class_list":["post-925","page","type-page","status-publish","hentry"],"post_mailing_queue_ids":[],"_links":{"self":[{"href":"https:\/\/sieclevaelban.com\/index.php?rest_route=\/wp\/v2\/pages\/925"}],"collection":[{"href":"https:\/\/sieclevaelban.com\/index.php?rest_route=\/wp\/v2\/pages"}],"about":[{"href":"https:\/\/sieclevaelban.com\/index.php?rest_route=\/wp\/v2\/types\/page"}],"author":[{"embeddable":true,"href":"https:\/\/sieclevaelban.com\/index.php?rest_route=\/wp\/v2\/users\/1"}],"replies":[{"embeddable":true,"href":"https:\/\/sieclevaelban.com\/index.php?rest_route=%2Fwp%2Fv2%2Fcomments&post=925"}],"version-history":[{"count":114,"href":"https:\/\/sieclevaelban.com\/index.php?rest_route=\/wp\/v2\/pages\/925\/revisions"}],"predecessor-version":[{"id":2123,"href":"https:\/\/sieclevaelban.com\/index.php?rest_route=\/wp\/v2\/pages\/925\/revisions\/2123"}],"wp:attachment":[{"href":"https:\/\/sieclevaelban.com\/index.php?rest_route=%2Fwp%2Fv2%2Fmedia&parent=925"}],"curies":[{"name":"wp","href":"https:\/\/api.w.org\/{rel}","templated":true}]}}